{"id":116,"date":"2010-09-12T19:46:15","date_gmt":"2010-09-12T18:46:15","guid":{"rendered":"http:\/\/hammargardarna.se\/?page_id=116"},"modified":"2018-05-04T11:06:30","modified_gmt":"2018-05-04T10:06:30","slug":"flaggning","status":"publish","type":"page","link":"https:\/\/hammargardarna.se\/?page_id=116","title":{"rendered":"Flaggning"},"content":{"rendered":"<p class=\"MsoNormal\"><span style=\"font-family: Calibri;\">I samf\u00e4lligheten har vi en familj som \u00e4r flaggansvariga, dvs. de flaggar n\u00e4r det \u00e4r flaggdagar (om de har m\u00f6jlighet). Flaggansvariga i \u00e5r \u00e4r Ekstr\u00f6m och Norelius. <\/span><\/p>\n<p class=\"MsoNormal\"><span style=\"font-family: Calibri;\">Vill man flagga n\u00e5gon annan dag ligger flaggan i samlingslokalen.<\/span><\/p>\n","protected":false},"excerpt":{"rendered":"<p>I samf\u00e4lligheten har vi en familj som \u00e4r flaggansvariga, dvs. de flaggar n\u00e4r det \u00e4r flaggdagar (om de har m\u00f6jlighet). Flaggansvariga i \u00e5r \u00e4r Ekstr\u00f6m och Norelius. Vill man flagga n\u00e5gon annan dag ligger flaggan i samlingslokalen.<\/p>\n","protected":false},"author":1,"featured_media":0,"parent":5,"menu_order":4,"comment_status":"closed","ping_status":"closed","template":"","meta":[],"_links":{"self":[{"href":"https:\/\/hammargardarna.se\/index.php?rest_route=\/wp\/v2\/pages\/116"}],"collection":[{"href":"https:\/\/hammargardarna.se\/index.php?rest_route=\/wp\/v2\/pages"}],"about":[{"href":"https:\/\/hammargardarna.se\/index.php?rest_route=\/wp\/v2\/types\/page"}],"author":[{"embeddable":true,"href":"https:\/\/hammargardarna.se\/index.php?rest_route=\/wp\/v2\/users\/1"}],"replies":[{"embeddable":true,"href":"https:\/\/hammargardarna.se\/index.php?rest_route=%2Fwp%2Fv2%2Fcomments&post=116"}],"version-history":[{"count":2,"href":"https:\/\/hammargardarna.se\/index.php?rest_route=\/wp\/v2\/pages\/116\/revisions"}],"predecessor-version":[{"id":418,"href":"https:\/\/hammargardarna.se\/index.php?rest_route=\/wp\/v2\/pages\/116\/revisions\/418"}],"up":[{"embeddable":true,"href":"https:\/\/hammargardarna.se\/index.php?rest_route=\/wp\/v2\/pages\/5"}],"wp:attachment":[{"href":"https:\/\/hammargardarna.se\/index.php?rest_route=%2Fwp%2Fv2%2Fmedia&parent=116"}],"curies":[{"name":"wp","href":"https:\/\/api.w.org\/{rel}","templated":true}]}}