{"id":174,"date":"2011-03-07T20:11:53","date_gmt":"2011-03-07T19:11:53","guid":{"rendered":"http:\/\/hammargardarna.se\/?page_id=174"},"modified":"2014-03-17T10:20:23","modified_gmt":"2014-03-17T09:20:23","slug":"motioner","status":"publish","type":"page","link":"https:\/\/hammargardarna.se\/?page_id=174","title":{"rendered":"Motioner"},"content":{"rendered":"<p>Inf\u00f6r \u00e5rsst\u00e4mman i mars kan alla medlemmar l\u00e4mna motioner till styrelsen.<br \/>\nMotioner som ska behandlas p\u00e5 st\u00e4mman ska l\u00e4mnas in till styrelsen enligt angivet datum p\u00e5 kallelsen.<\/p>\n","protected":false},"excerpt":{"rendered":"<p>Inf\u00f6r \u00e5rsst\u00e4mman i mars kan alla medlemmar l\u00e4mna motioner till styrelsen. Motioner som ska behandlas p\u00e5 st\u00e4mman ska l\u00e4mnas in till styrelsen enligt angivet datum p\u00e5 kallelsen.<\/p>\n","protected":false},"author":1,"featured_media":0,"parent":168,"menu_order":2,"comment_status":"closed","ping_status":"open","template":"","meta":[],"_links":{"self":[{"href":"https:\/\/hammargardarna.se\/index.php?rest_route=\/wp\/v2\/pages\/174"}],"collection":[{"href":"https:\/\/hammargardarna.se\/index.php?rest_route=\/wp\/v2\/pages"}],"about":[{"href":"https:\/\/hammargardarna.se\/index.php?rest_route=\/wp\/v2\/types\/page"}],"author":[{"embeddable":true,"href":"https:\/\/hammargardarna.se\/index.php?rest_route=\/wp\/v2\/users\/1"}],"replies":[{"embeddable":true,"href":"https:\/\/hammargardarna.se\/index.php?rest_route=%2Fwp%2Fv2%2Fcomments&post=174"}],"version-history":[{"count":5,"href":"https:\/\/hammargardarna.se\/index.php?rest_route=\/wp\/v2\/pages\/174\/revisions"}],"predecessor-version":[{"id":300,"href":"https:\/\/hammargardarna.se\/index.php?rest_route=\/wp\/v2\/pages\/174\/revisions\/300"}],"up":[{"embeddable":true,"href":"https:\/\/hammargardarna.se\/index.php?rest_route=\/wp\/v2\/pages\/168"}],"wp:attachment":[{"href":"https:\/\/hammargardarna.se\/index.php?rest_route=%2Fwp%2Fv2%2Fmedia&parent=174"}],"curies":[{"name":"wp","href":"https:\/\/api.w.org\/{rel}","templated":true}]}}