{"id":213,"date":"2012-03-30T11:03:37","date_gmt":"2012-03-30T10:03:37","guid":{"rendered":"http:\/\/hammargardarna.se\/?page_id=213"},"modified":"2019-01-22T21:47:54","modified_gmt":"2019-01-22T20:47:54","slug":"bastubokning","status":"publish","type":"page","link":"https:\/\/hammargardarna.se\/?page_id=213","title":{"rendered":"Bastubokning"},"content":{"rendered":"<p>Boka bastun genom att logga in p\u00e5 sidan, klicka p\u00e5 l\u00e4nken &#8221;L\u00e4gg till h\u00e4ndelse&#8221; f\u00f6r att logga in Anv\u00e4narnamn \u00e4r &#8221;gruvfogden&#8221; l\u00f6senord \u00e4r v\u00e5rat postnummer.<\/p>\n<p>Ange Efternamn samt husnummer i f\u00e4ltet &#8221;Titel&#8221;. T. ex. Andersson hus 55.<\/p>\n<p><a href=\"http:\/\/hammargardarna.se\/wp-admin\/admin.php?page=ajax-event-calendar.php\">L\u00e4gg till h\u00e4ndelse<\/a><\/p>\n<p>[calendar]<\/p>\n","protected":false},"excerpt":{"rendered":"<p>Boka bastun genom att logga in p\u00e5 sidan, klicka p\u00e5 l\u00e4nken &#8221;L\u00e4gg till h\u00e4ndelse&#8221; f\u00f6r att logga in Anv\u00e4narnamn \u00e4r &#8221;gruvfogden&#8221; l\u00f6senord \u00e4r v\u00e5rat postnummer. Ange Efternamn samt husnummer i f\u00e4ltet &#8221;Titel&#8221;. T. ex. Andersson hus 55. L\u00e4gg till h\u00e4ndelse [calendar]<\/p>\n","protected":false},"author":1,"featured_media":0,"parent":42,"menu_order":0,"comment_status":"closed","ping_status":"open","template":"","meta":[],"_links":{"self":[{"href":"https:\/\/hammargardarna.se\/index.php?rest_route=\/wp\/v2\/pages\/213"}],"collection":[{"href":"https:\/\/hammargardarna.se\/index.php?rest_route=\/wp\/v2\/pages"}],"about":[{"href":"https:\/\/hammargardarna.se\/index.php?rest_route=\/wp\/v2\/types\/page"}],"author":[{"embeddable":true,"href":"https:\/\/hammargardarna.se\/index.php?rest_route=\/wp\/v2\/users\/1"}],"replies":[{"embeddable":true,"href":"https:\/\/hammargardarna.se\/index.php?rest_route=%2Fwp%2Fv2%2Fcomments&post=213"}],"version-history":[{"count":12,"href":"https:\/\/hammargardarna.se\/index.php?rest_route=\/wp\/v2\/pages\/213\/revisions"}],"predecessor-version":[{"id":438,"href":"https:\/\/hammargardarna.se\/index.php?rest_route=\/wp\/v2\/pages\/213\/revisions\/438"}],"up":[{"embeddable":true,"href":"https:\/\/hammargardarna.se\/index.php?rest_route=\/wp\/v2\/pages\/42"}],"wp:attachment":[{"href":"https:\/\/hammargardarna.se\/index.php?rest_route=%2Fwp%2Fv2%2Fmedia&parent=213"}],"curies":[{"name":"wp","href":"https:\/\/api.w.org\/{rel}","templated":true}]}}