{"id":261,"date":"2012-04-04T15:19:17","date_gmt":"2012-04-04T14:19:17","guid":{"rendered":"http:\/\/hammargardarna.se\/?page_id=261"},"modified":"2014-03-17T12:20:11","modified_gmt":"2014-03-17T11:20:11","slug":"protokoll-2012","status":"publish","type":"page","link":"https:\/\/hammargardarna.se\/?page_id=261","title":{"rendered":"Protokoll 2012"},"content":{"rendered":"<p>Protokoll f\u00f6rt vid ordinarie f\u00f6reningsst\u00e4mma med Samf\u00e4lligheten Hammarg\u00e5rdarna<\/p>\n<p>den 25 mars 2012.<\/p>\n<p>N\u00e4rvarande:<\/p>\n<table border=\"0\" cellspacing=\"0\" cellpadding=\"0\">\n<tbody>\n<tr>\n<td valign=\"top\" width=\"199\">Linda Stenb\u00e4ck<\/td>\n<td valign=\"top\" width=\"415\">Christer Eriksson<\/td>\n<\/tr>\n<tr>\n<td valign=\"top\" width=\"199\">Ann-Christine Bj\u00f6rk<\/td>\n<td valign=\"top\" width=\"415\">Lars Englund<\/td>\n<\/tr>\n<tr>\n<td valign=\"top\" width=\"199\">Lars Pettersson<\/td>\n<td valign=\"top\" width=\"415\">Katharina Karpe<\/td>\n<\/tr>\n<tr>\n<td valign=\"top\" width=\"199\">Erik Pers<\/td>\n<td valign=\"top\" width=\"415\">Kristina Lundeborg<\/td>\n<\/tr>\n<tr>\n<td valign=\"top\" width=\"199\">Karin Kajandi<\/td>\n<td valign=\"top\" width=\"415\">Johan Andersson<\/td>\n<\/tr>\n<tr>\n<td valign=\"top\" width=\"199\">Sara Fahl\u00e9n<\/td>\n<td valign=\"top\" width=\"415\">Monica Pettersson<\/td>\n<\/tr>\n<\/tbody>\n<\/table>\n<p>\u00a71 Ordf\u00f6rande \u00f6ppnade m\u00f6tet.<\/p>\n<p><span style=\"line-height: 1.5;\">\u00a72 M\u00f6tet ans\u00e5gs ha blivit kallad i laga ordning.<\/span><\/p>\n<p><span style=\"line-height: 1.5;\">\u00a73 M\u00f6tet godk\u00e4nde dagordningen.<\/span><\/p>\n<p><span style=\"line-height: 1.5;\">\u00a74 Val av ordf\u00f6rande\/sekreterare f\u00f6r m\u00f6tet<\/span><\/p>\n<ul>\n<li>Till ordf\u00f6rande f\u00f6r m\u00f6tet uts\u00e5gs Linda Stenb\u00e4ck.<\/li>\n<li><span style=\"text-align: justify;\">Till sekreterare f\u00f6r m\u00f6tet uts\u00e5gs Ann-Christine Bj\u00f6rk.<\/span><\/li>\n<\/ul>\n<p>\u00a75 Till justeringsm\u00e4n uts\u00e5gs Karin Kajandi och Lars Pettersson.<\/p>\n<p>\u00a76 Styrelsens verksamhetsber\u00e4ttelse och r\u00e4kenskapsber\u00e4ttelse f\u00f6r det g\u00e5ngna \u00e5ret presenterades och godk\u00e4ndes. Styrelsen har haft sex (6) protokollf\u00f6rda m\u00f6ten under \u00e5ret.<\/p>\n<p>\u00a77 Revisionsber\u00e4ttelsen presenterades.<\/p>\n<p>\u00a78 M\u00f6tet beviljade styrelsen ansvarsfrihet.<\/p>\n<p>\u00a79 F\u00f6rslag fr\u00e5n styrelsen<\/p>\n<ul>\n<li>Grillplats p\u00e5 kullen<\/li>\n<li>Nya planteringar<\/li>\n<\/ul>\n<p>\u00a710 En motion har inkommit till m\u00f6tet.<\/p>\n<ul>\n<li>Motionen behandlar d\u00e5lig signal fr\u00e5n samf\u00e4llighetens s\u00e4ndare till TV uttag. Anordna auktoriserat f\u00f6retag som ordnar fullgod signal eller avr\u00e4kning p\u00e5 medlemsavgiften.<\/li>\n<\/ul>\n<p>Motionen avslogs d\u00e5 avr\u00e4kning p\u00e5 \u00e5rsavgiften f\u00f6r ett hush\u00e5ll inte \u00e4r m\u00f6jligt och \u00a0 att ta in ett f\u00f6retag f\u00f6r att f\u00e5 b\u00e4ttre signal har pr\u00f6vats och fungerar ej tillfredsst\u00e4llande f\u00f6r alla hush\u00e5ll.<\/p>\n<p>Den nya styrelsen forts\u00e4tter TV fr\u00e5gan tillsammans med Forsen.<\/p>\n<p>\u00a711 Budgeten f\u00f6r det kommande \u00e5ret presenterades av Kristina Lundeborg.<\/p>\n<p>M\u00f6tet fastst\u00e4llde budgeten f\u00f6r 2012.<\/p>\n<p>\u00a712 M\u00f6tet fastst\u00e4llde \u00e5rsavgiften till 2500 kr.<\/p>\n<p><span style=\"line-height: 1.5;\">\u00a713 Ordf\u00f6rande presenterade f\u00f6rslag av nya styrelsemedlemmar fr\u00e5n valberedningen f\u00f6r 2012.<\/span><\/p>\n<p>M\u00f6tet fasts\u00e4llde f\u00f6rslaget.<\/p>\n<p>Ordinarie ledam\u00f6ter<\/p>\n<p>Thomas Ekstr\u00f6m \u2013 omvald<\/p>\n<p>Bj\u00f6rn Fahl\u00e9n \u2013 nyvald ordf\u00f6rande<\/p>\n<p>Karin Kajandi \u2013 nyvald<\/p>\n<p>Josefina Adolfsson \u2013 nyvald<\/p>\n<p>Katharina Karpe \u2013 nyvald<\/p>\n<p>&nbsp;<\/p>\n<p>Styrelsesuppleanter<\/p>\n<p>Christer Eriksson \u2013 nyvald<\/p>\n<p>Fredrik Waxin \u2013 omvald<\/p>\n<p>&nbsp;<\/p>\n<p>Ordinarie revisorer<\/p>\n<p>Lars Lindgren \u2013 omvald<\/p>\n<p>Lars Pettersson \u2013 omvald<\/p>\n<p>&nbsp;<\/p>\n<p>Revisorsuppleanter<\/p>\n<p>Peter \u00d6rarb\u00e4ck \u2013 nyvald<\/p>\n<p>Erik Pers \u2013 omvald<\/p>\n<p>&nbsp;<\/p>\n<p>\u00a714 Till valberedning omvaldes Siw \u00d6rarb\u00e4ck och Karin Eriksson.<\/p>\n<p>\u00a715 Till flaggansvariga omvaldes fam Andersson\/Pettersson.<\/p>\n<p>\u00a716 \u00d6vriga fr\u00e5gor<\/p>\n<ul>\n<li>Kontrollera byte av gatu-armaturen till energilampor.<\/li>\n<li>Att den nya styrelsen tittar p\u00e5 situationen om val av nya styrelsemedlemmar. Finns det n\u00e5gra l\u00f6sningar andra \u00e4n idag eftersom det \u00e4r sv\u00e5rt att f\u00e5 ihop nya medlemmar.<\/li>\n<li>Skriva ett dokument som kan l\u00e4mnas vid f\u00f6rs\u00e4ljning att den som k\u00f6per hus h\u00e4r ocks\u00e5 ing\u00e5r i en samf\u00e4llighetsf\u00f6rening och vilka f\u00f6rpliktelser detta medf\u00f6r.<\/li>\n<\/ul>\n<p>\u00a717 M\u00f6tesprotokollet kommer att finnas tillg\u00e4ngligt i kvartershuset och p\u00e5 hemsidan.<\/p>\n<p>\u00a718 M\u00f6tet avslutas.<\/p>\n<p><span style=\"line-height: 1.5;\">\u00a0<\/span><span style=\"line-height: 1.5;\">Vid protokollet:<\/span><\/p>\n<p>Ann-Christine Bj\u00f6rk<\/p>\n<p>Justeras:<\/p>\n<p>Karin Kajandi\u00a0\u00a0\u00a0\u00a0\u00a0\u00a0\u00a0\u00a0\u00a0\u00a0\u00a0\u00a0\u00a0\u00a0\u00a0\u00a0\u00a0\u00a0\u00a0\u00a0\u00a0\u00a0\u00a0\u00a0\u00a0\u00a0\u00a0\u00a0\u00a0\u00a0\u00a0\u00a0\u00a0\u00a0\u00a0\u00a0\u00a0\u00a0\u00a0\u00a0\u00a0\u00a0 Lars Pettersson<\/p>\n","protected":false},"excerpt":{"rendered":"<p>Protokoll f\u00f6rt vid ordinarie f\u00f6reningsst\u00e4mma med Samf\u00e4lligheten Hammarg\u00e5rdarna den 25 mars 2012. N\u00e4rvarande: Linda Stenb\u00e4ck Christer Eriksson Ann-Christine Bj\u00f6rk Lars Englund Lars Pettersson Katharina Karpe Erik Pers Kristina Lundeborg Karin Kajandi Johan Andersson Sara Fahl\u00e9n Monica Pettersson \u00a71 Ordf\u00f6rande \u00f6ppnade m\u00f6tet. \u00a72 M\u00f6tet ans\u00e5gs ha blivit kallad i laga ordning. \u00a73 M\u00f6tet godk\u00e4nde dagordningen. \u00a74 &hellip; <a href=\"https:\/\/hammargardarna.se\/?page_id=261\" class=\"more-link\">Forts\u00e4tt l\u00e4sa <span class=\"screen-reader-text\">Protokoll 2012<\/span> <span class=\"meta-nav\">&rarr;<\/span><\/a><\/p>\n","protected":false},"author":1,"featured_media":0,"parent":168,"menu_order":5,"comment_status":"closed","ping_status":"closed","template":"","meta":[],"_links":{"self":[{"href":"https:\/\/hammargardarna.se\/index.php?rest_route=\/wp\/v2\/pages\/261"}],"collection":[{"href":"https:\/\/hammargardarna.se\/index.php?rest_route=\/wp\/v2\/pages"}],"about":[{"href":"https:\/\/hammargardarna.se\/index.php?rest_route=\/wp\/v2\/types\/page"}],"author":[{"embeddable":true,"href":"https:\/\/hammargardarna.se\/index.php?rest_route=\/wp\/v2\/users\/1"}],"replies":[{"embeddable":true,"href":"https:\/\/hammargardarna.se\/index.php?rest_route=%2Fwp%2Fv2%2Fcomments&post=261"}],"version-history":[{"count":3,"href":"https:\/\/hammargardarna.se\/index.php?rest_route=\/wp\/v2\/pages\/261\/revisions"}],"predecessor-version":[{"id":315,"href":"https:\/\/hammargardarna.se\/index.php?rest_route=\/wp\/v2\/pages\/261\/revisions\/315"}],"up":[{"embeddable":true,"href":"https:\/\/hammargardarna.se\/index.php?rest_route=\/wp\/v2\/pages\/168"}],"wp:attachment":[{"href":"https:\/\/hammargardarna.se\/index.php?rest_route=%2Fwp%2Fv2%2Fmedia&parent=261"}],"curies":[{"name":"wp","href":"https:\/\/api.w.org\/{rel}","templated":true}]}}