{"id":316,"date":"2014-03-17T12:25:22","date_gmt":"2014-03-17T11:25:22","guid":{"rendered":"http:\/\/hammargardarna.se\/?page_id=316"},"modified":"2014-03-17T20:09:10","modified_gmt":"2014-03-17T19:09:10","slug":"protokoll-2013","status":"publish","type":"page","link":"https:\/\/hammargardarna.se\/?page_id=316","title":{"rendered":"Protokoll 2013"},"content":{"rendered":"<p><b style=\"line-height: 1.5;\">Protokoll f\u00f6rt vid Samf\u00e4llighetsf\u00f6reningen Hammarg\u00e5rdarnas ordinarie f\u00f6reningsst\u00e4mma den 24 mars 2013<\/b><\/p>\n<p><b style=\"line-height: 1.5;\">N\u00e4rvarande:<\/b><\/p>\n<p><span style=\"line-height: 1.5;\">Siv \u00d6rarb\u00e4ck\u00a0\u00a0\u00a0\u00a0\u00a0\u00a0\u00a0\u00a0\u00a0\u00a0\u00a0\u00a0\u00a0\u00a0\u00a0\u00a0\u00a0\u00a0\u00a0\u00a0\u00a0\u00a0\u00a0\u00a0\u00a0\u00a0\u00a0\u00a0\u00a0\u00a0\u00a0\u00a0\u00a0\u00a0\u00a0\u00a0\u00a0\u00a0\u00a0\u00a0\u00a0\u00a0\u00a0 Karin Kajandi<\/span><\/p>\n<p>Lars Petersson\u00a0\u00a0\u00a0\u00a0\u00a0\u00a0\u00a0\u00a0\u00a0\u00a0\u00a0\u00a0\u00a0\u00a0\u00a0\u00a0\u00a0\u00a0\u00a0 \u00a0\u00a0\u00a0\u00a0\u00a0\u00a0\u00a0\u00a0\u00a0\u00a0\u00a0\u00a0\u00a0\u00a0\u00a0\u00a0\u00a0\u00a0\u00a0\u00a0\u00a0 Kristina Lundeborg<\/p>\n<p>P\u00e4r Eriksson\u00a0\u00a0\u00a0\u00a0\u00a0\u00a0\u00a0\u00a0\u00a0\u00a0\u00a0\u00a0\u00a0\u00a0\u00a0\u00a0\u00a0\u00a0\u00a0\u00a0\u00a0\u00a0\u00a0\u00a0\u00a0\u00a0\u00a0\u00a0\u00a0\u00a0\u00a0\u00a0\u00a0\u00a0\u00a0\u00a0\u00a0\u00a0\u00a0\u00a0\u00a0\u00a0\u00a0\u00a0 Karin Eriksson<\/p>\n<p>Johan Bj\u00f6rk\u00a0\u00a0\u00a0\u00a0\u00a0\u00a0\u00a0\u00a0\u00a0\u00a0\u00a0\u00a0\u00a0\u00a0\u00a0\u00a0\u00a0\u00a0\u00a0\u00a0\u00a0\u00a0\u00a0\u00a0\u00a0\u00a0\u00a0\u00a0\u00a0\u00a0\u00a0\u00a0\u00a0\u00a0\u00a0\u00a0\u00a0\u00a0\u00a0\u00a0\u00a0\u00a0\u00a0\u00a0\u00a0 Josefina Adolfsson<\/p>\n<p>Fredrik Waxin\u00a0\u00a0\u00a0\u00a0\u00a0\u00a0\u00a0\u00a0\u00a0\u00a0\u00a0\u00a0\u00a0\u00a0\u00a0\u00a0\u00a0\u00a0\u00a0\u00a0\u00a0\u00a0\u00a0\u00a0\u00a0\u00a0\u00a0\u00a0\u00a0\u00a0\u00a0\u00a0\u00a0\u00a0\u00a0\u00a0\u00a0\u00a0\u00a0\u00a0\u00a0 Thomas Ekstr\u00f6m<\/p>\n<p>Bj\u00f6rn Fahl\u00e9n\u00a0\u00a0\u00a0\u00a0\u00a0\u00a0\u00a0\u00a0\u00a0\u00a0\u00a0\u00a0\u00a0\u00a0\u00a0\u00a0\u00a0\u00a0\u00a0\u00a0\u00a0\u00a0\u00a0\u00a0\u00a0\u00a0\u00a0\u00a0\u00a0\u00a0\u00a0\u00a0\u00a0\u00a0\u00a0\u00a0\u00a0\u00a0\u00a0\u00a0\u00a0\u00a0\u00a0\u00a0 Rolf Klein<\/p>\n<p>Nils H\u00f6gberg<\/p>\n<p><b style=\"line-height: 1.5;\">\u00a7 1 \u00d6ppnande av f\u00f6reningsst\u00e4mman<\/b><\/p>\n<p>Ordf\u00f6rande \u00f6ppnade m\u00f6tet<\/p>\n<p><b>\u00a7 2 Upprop och fullmakter<\/b><\/p>\n<p>13 fastigheter representerade. Inga fullmakter<\/p>\n<p><b style=\"line-height: 1.5;\">\u00a7 3 Fr\u00e5ga om f\u00f6reningsst\u00e4mmans beh\u00f6riga utlysande<\/b><\/p>\n<p>M\u00f6tet ans\u00e5gs ha kallats i laga ordning<\/p>\n<p><b>\u00a7 4 Fastst\u00e4llande av dagordning<\/b><\/p>\n<p>M\u00f6tet fastst\u00e4llde dagordningen<\/p>\n<p><b>\u00a7 5 Val av ordf\u00f6rande, sekreterare och tv\u00e5 justeringsm\u00e4n f\u00f6r f\u00f6reningsst\u00e4mman<\/b><\/p>\n<p>Till ordf\u00f6rande f\u00f6r m\u00f6tet valdes Lars Petersson,<\/p>\n<p>till sekreterare valdes Karin Kajandi och till justeringsm\u00e4n Thomas<\/p>\n<p>Ekstr\u00f6m och Nils H\u00f6gberg<\/p>\n<p><b>\u00a7 6 Styrelsens verksamhetsber\u00e4ttelse och r\u00e4kenskapsber\u00e4ttelse<\/b><\/p>\n<p>Styrelsens verksamhetsber\u00e4ttelse och r\u00e4kenskapsber\u00e4ttelse f\u00f6r det g\u00e5ngna \u00e5ret<\/p>\n<p>presenterades och godk\u00e4ndes.<\/p>\n<p><b>\u00a7 7 Revisionsber\u00e4ttelse<\/b><\/p>\n<p>Revisionsber\u00e4ttelsen presenterades<\/p>\n<p><b style=\"line-height: 1.5;\">\u00a7 8 Fr\u00e5ga om ansvarsfrihet f\u00f6r styrelsen f\u00f6r det g\u00e5ngna verksamhets\u00e5ret<\/b><\/p>\n<p>M\u00f6tet beviljade styrelsen ansvarsfrihet.<\/p>\n<p><b>\u00a7 9 F\u00f6rslag fr\u00e5n styrelsen<\/b><\/p>\n<p>F\u00f6rslag fr\u00e5n styrelsen f\u00f6r det kommande verksamhets\u00e5ret:<\/p>\n<p>* f\u00e4rdigst\u00e4lla grillplatsen p\u00e5 kullen<\/p>\n<p>* f\u00e4rdigst\u00e4lla upprustningen av lekplatserna<\/p>\n<p>* upprustning av kvartershuset inv\u00e4ndigt samt g\u00f6ra en plan f\u00f6r<\/p>\n<p>upprustning utv\u00e4ndigt.<\/p>\n<p>Arbetsgrupp best\u00e5ende av: Fredrik Waxin, Magnus Adolfsson,<\/p>\n<p>Thomas Ekstr\u00f6m, Bj\u00f6rn Fahl\u00e9n. Fler intresserade kan ansluta.<\/p>\n<p>M\u00f6tet beslutade att kommande styrelse arbetar vidare p\u00e5 f\u00f6rslagen.<\/p>\n<p><b style=\"line-height: 1.5;\">\u00a7 10 Inl\u00e4mnade motioner<\/b><\/p>\n<p style=\"padding-left: 30px;\">\u00a0Inga inkomna motioner<\/p>\n<p><b style=\"line-height: 1.5;\">\u00a7 11 Styrelsens f\u00f6rslag till inkomst-och utgiftsstat och debiteringsl\u00e4ngd<\/b><\/p>\n<p style=\"padding-left: 30px;\">Budgeten f\u00f6r kommande verksamhets\u00e5r presenterades av Kristina Lundeborg. F\u00f6reningen har god ekonomi. Det finns ett \u00f6verskott fr\u00e5n verksamhets\u00e5ret s\u00e5 det finns goda m\u00f6jligheter till upprustning m.m utan att extra medlemsavgifter tas ut. S\u00e4rskilt bankkonto \u00e4r skapat f\u00f6r reparationer och underh\u00e5ll f\u00f6r tydligare \u00f6verblick. \u00d6verskott fr\u00e5n verksamhets\u00e5ret f\u00f6rs \u00f6ver till detta konto.<\/p>\n<p>\u00a0\u00a0 \u00a0 \u00a0 \u00a0 \u00a0 \u00a0 \u00a0 \u00a0 \u00a0 \u00a0 \u00a0 Nytt f\u00f6r \u00e5ret i budgetf\u00f6rslaget \u00e4r kostnader f\u00f6r \u201dstyrelsens omkostnader\u201d. Det inneb\u00e4r att styrelsen ges m\u00f6jlighet att inleda\/avsluta verksamhets\u00e5ret med n\u00e5got trevligt tillsammans, till en kostnad av 200-300 kr p\/p\/\u00e5r. Detta \u00e4r ett f\u00f6rs\u00f6k till att uppmuntra f\u00f6reningsmedlemmarna till aktivt deltagande i f\u00f6reningsarbetet.<\/p>\n<p>M\u00f6tet fastst\u00e4llde budgeten enligt f\u00f6rslaget f\u00f6r 2013.<\/p>\n<p>M\u00f6tet fastst\u00e4llde \u00e5rsavgiften till 2.500 kr per fastighet\/medlem.<\/p>\n<p>&nbsp;<\/p>\n<p><b>\u00a7 12 Val av styrelse och styrelseordf\u00f6rande<\/b><\/p>\n<p>Valberedningen presenterade f\u00f6rslag p\u00e5 styrelsemedlemmar f\u00f6r 2013. M\u00f6tet beslutade enligt f\u00f6rslag:<\/p>\n<p>ordf\u00f6rande\u00a0\u00a0\u00a0 \u00a0\u00a0\u00a0\u00a0\u00a0\u00a0\u00a0\u00a0\u00a0\u00a0\u00a0\u00a0\u00a0\u00a0\u00a0\u00a0\u00a0\u00a0\u00a0\u00a0\u00a0 Bj\u00f6rn Fahl\u00e9n\u00a0\u00a0\u00a0\u00a0\u00a0\u00a0\u00a0\u00a0\u00a0\u00a0\u00a0\u00a0\u00a0\u00a0\u00a0\u00a0\u00a0\u00a0\u00a0\u00a0\u00a0 omval 1 \u00e5r<\/p>\n<p>kass\u00f6r\u00a0\u00a0\u00a0\u00a0\u00a0\u00a0\u00a0\u00a0\u00a0\u00a0\u00a0 \u00a0\u00a0\u00a0\u00a0\u00a0\u00a0\u00a0\u00a0\u00a0\u00a0\u00a0\u00a0\u00a0\u00a0\u00a0\u00a0\u00a0\u00a0\u00a0\u00a0\u00a0 Karin Kajandi\u00a0\u00a0\u00a0\u00a0\u00a0\u00a0\u00a0\u00a0\u00a0\u00a0\u00a0\u00a0\u00a0\u00a0\u00a0\u00a0\u00a0\u00a0\u00a0\u00a0 omval 1 \u00e5r<\/p>\n<p>ledamot\u00a0\u00a0\u00a0\u00a0\u00a0\u00a0\u00a0\u00a0 \u00a0\u00a0\u00a0\u00a0\u00a0\u00a0\u00a0\u00a0\u00a0\u00a0\u00a0\u00a0\u00a0\u00a0\u00a0\u00a0\u00a0\u00a0\u00a0\u00a0\u00a0 Josefina Adolfsson\u00a0\u00a0\u00a0\u00a0\u00a0\u00a0\u00a0\u00a0\u00a0\u00a0\u00a0\u00a0 omval 1 \u00e5r<\/p>\n<p>ledamot\u00a0\u00a0\u00a0\u00a0\u00a0\u00a0\u00a0\u00a0 \u00a0\u00a0\u00a0\u00a0\u00a0\u00a0\u00a0\u00a0\u00a0\u00a0\u00a0\u00a0\u00a0\u00a0\u00a0\u00a0\u00a0\u00a0\u00a0\u00a0\u00a0 Katarina Karpe\u00a0\u00a0\u00a0\u00a0\u00a0\u00a0\u00a0\u00a0\u00a0\u00a0\u00a0\u00a0\u00a0\u00a0\u00a0\u00a0\u00a0\u00a0 omval 1 \u00e5r<\/p>\n<p>ledamot \u00a0\u00a0\u00a0\u00a0\u00a0\u00a0\u00a0 \u00a0\u00a0\u00a0\u00a0\u00a0\u00a0\u00a0\u00a0\u00a0\u00a0\u00a0\u00a0\u00a0\u00a0\u00a0\u00a0\u00a0\u00a0\u00a0\u00a0\u00a0 Fredrik Waxin\u00a0\u00a0\u00a0\u00a0\u00a0\u00a0\u00a0\u00a0\u00a0\u00a0\u00a0\u00a0\u00a0\u00a0\u00a0\u00a0\u00a0\u00a0\u00a0 nyval 2 \u00e5r<\/p>\n<p>styrelsesuppleant\u00a0\u00a0\u00a0\u00a0\u00a0\u00a0\u00a0\u00a0\u00a0\u00a0\u00a0\u00a0\u00a0\u00a0\u00a0 Lars Petersson\u00a0\u00a0\u00a0\u00a0\u00a0\u00a0\u00a0\u00a0\u00a0\u00a0\u00a0\u00a0\u00a0\u00a0\u00a0\u00a0\u00a0\u00a0\u00a0 nyval 1 \u00e5r<\/p>\n<p>styrelsesuppleant\u00a0\u00a0\u00a0\u00a0\u00a0\u00a0\u00a0\u00a0\u00a0\u00a0\u00a0\u00a0\u00a0\u00a0\u00a0 Christer Eriksson\u00a0\u00a0\u00a0\u00a0\u00a0\u00a0\u00a0\u00a0\u00a0\u00a0\u00a0\u00a0\u00a0\u00a0\u00a0 omval 1 \u00e5r<\/p>\n<p>&nbsp;<\/p>\n<p><b>\u00a7 13 Val av revisorer och revisorssuppleanter<\/b><\/p>\n<p>M\u00f6tet beslutade enligt f\u00f6rslag:<\/p>\n<p>revisor\u00a0\u00a0\u00a0\u00a0\u00a0\u00a0\u00a0\u00a0\u00a0\u00a0\u00a0\u00a0\u00a0\u00a0\u00a0\u00a0\u00a0\u00a0\u00a0\u00a0\u00a0\u00a0\u00a0\u00a0\u00a0\u00a0\u00a0\u00a0\u00a0\u00a0\u00a0\u00a0 Lars Lindgren\u00a0\u00a0\u00a0\u00a0\u00a0\u00a0\u00a0\u00a0\u00a0\u00a0\u00a0\u00a0\u00a0\u00a0\u00a0\u00a0\u00a0\u00a0\u00a0\u00a0 omval 1 \u00e5r<\/p>\n<p>revisor\u00a0\u00a0\u00a0\u00a0\u00a0\u00a0\u00a0\u00a0\u00a0\u00a0\u00a0\u00a0\u00a0\u00a0\u00a0\u00a0\u00a0\u00a0\u00a0\u00a0\u00a0\u00a0\u00a0\u00a0\u00a0\u00a0\u00a0\u00a0\u00a0\u00a0\u00a0\u00a0 Peter \u00d6rarb\u00e4ck\u00a0\u00a0\u00a0\u00a0\u00a0\u00a0\u00a0\u00a0\u00a0\u00a0\u00a0\u00a0\u00a0\u00a0\u00a0\u00a0\u00a0\u00a0\u00a0 nyval 1 \u00e5r<\/p>\n<p>revisorsuppleant\u00a0\u00a0\u00a0\u00a0\u00a0\u00a0\u00a0\u00a0\u00a0\u00a0\u00a0\u00a0\u00a0\u00a0\u00a0\u00a0\u00a0 Johan Bj\u00f6rk\u00a0\u00a0\u00a0\u00a0\u00a0\u00a0\u00a0\u00a0\u00a0\u00a0\u00a0\u00a0\u00a0\u00a0\u00a0\u00a0\u00a0\u00a0\u00a0\u00a0\u00a0\u00a0\u00a0 nyval 1 \u00e5r<\/p>\n<p>revisorsuppleant\u00a0\u00a0\u00a0\u00a0\u00a0\u00a0\u00a0\u00a0\u00a0\u00a0\u00a0\u00a0\u00a0\u00a0\u00a0\u00a0\u00a0 Nils H\u00f6gberg\u00a0\u00a0\u00a0\u00a0\u00a0\u00a0\u00a0\u00a0\u00a0\u00a0\u00a0\u00a0\u00a0\u00a0\u00a0\u00a0\u00a0\u00a0\u00a0\u00a0\u00a0\u00a0\u00a0\u00a0\u00a0\u00a0\u00a0\u00a0\u00a0\u00a0\u00a0\u00a0\u00a0\u00a0\u00a0\u00a0\u00a0\u00a0\u00a0\u00a0\u00a0\u00a0\u00a0 nyval 1 \u00e5r<\/p>\n<p><b>\u00a7 14 a) Val av valberedning<\/b><\/p>\n<p>M\u00f6tet beslutade enligt f\u00f6rslag:<\/p>\n<p>valberedning\u00a0\u00a0\u00a0\u00a0\u00a0\u00a0\u00a0\u00a0\u00a0\u00a0\u00a0\u00a0\u00a0\u00a0\u00a0\u00a0\u00a0\u00a0\u00a0\u00a0\u00a0\u00a0 Siv \u00d6rarb\u00e4ck\u00a0\u00a0\u00a0\u00a0\u00a0\u00a0\u00a0\u00a0\u00a0\u00a0\u00a0\u00a0\u00a0\u00a0\u00a0\u00a0\u00a0\u00a0\u00a0\u00a0\u00a0\u00a0 omval 1 \u00e5r<\/p>\n<p>valberedning\u00a0\u00a0\u00a0\u00a0\u00a0\u00a0\u00a0\u00a0\u00a0\u00a0\u00a0\u00a0\u00a0\u00a0\u00a0\u00a0\u00a0\u00a0\u00a0\u00a0\u00a0\u00a0 Karin Eriksson\u00a0\u00a0\u00a0\u00a0\u00a0\u00a0\u00a0\u00a0\u00a0\u00a0\u00a0\u00a0\u00a0\u00a0\u00a0\u00a0\u00a0\u00a0\u00a0 omval 1 \u00e5r<\/p>\n<p><b style=\"line-height: 1.5;\">b) Val av \u00f6vriga poster<\/b><\/p>\n<p>f\u00f6rvaltare,<\/p>\n<p>(ej aktivt styrelsearbete)\u00a0\u00a0\u00a0\u00a0 Rolf Klein\u00a0\u00a0\u00a0\u00a0\u00a0\u00a0\u00a0\u00a0\u00a0\u00a0\u00a0\u00a0\u00a0\u00a0\u00a0\u00a0\u00a0\u00a0\u00a0\u00a0\u00a0\u00a0\u00a0\u00a0\u00a0\u00a0 omval 1 \u00e5r<\/p>\n<p>f\u00f6rvaltare,<\/p>\n<p>(ej aktivt styrelsearbete)\u00a0\u00a0\u00a0\u00a0 Leif Lundberg\u00a0\u00a0\u00a0\u00a0\u00a0\u00a0\u00a0\u00a0\u00a0\u00a0\u00a0\u00a0\u00a0\u00a0\u00a0\u00a0\u00a0\u00a0\u00a0 omval 1 \u00e5r<\/p>\n<p>flaggansvarig\u00a0\u00a0\u00a0\u00a0\u00a0\u00a0\u00a0\u00a0\u00a0\u00a0\u00a0\u00a0\u00a0\u00a0\u00a0\u00a0\u00a0\u00a0\u00a0\u00a0\u00a0 fam Andersson\/Pettersson<\/p>\n<p><b>\u00a7 15\u00a0\u00a0\u00a0\u00a0\u00a0\u00a0\u00a0\u00a0\u00a0\u00a0\u00a0\u00a0\u00a0\u00a0 \u00d6vriga fr\u00e5gor<\/b><\/p>\n<p><i>Hemsidan:<\/i> uppdatering av hemsidan kommer att sk\u00f6tas av Magnus\u00a0Adolfsson ( hus nr 10).<\/p>\n<p><i>Omr\u00e5desgrupperna:<\/i> genomg\u00e5ng av \u201dinfobladet\u201d som delats ut.<\/p>\n<p>Inventering av tr\u00e4dbest\u00e5ndet och ev behov av klippning p\u00e5 v\u00e5rens\u00a0st\u00e4ddag.<\/p>\n<p><i>\u00c5kgr\u00e4sklippare:<\/i> F\u00f6rslag fr\u00e5n P\u00e4r Eriksson om ink\u00f6p av \u00e5kgr\u00e4sklippare. P\u00e4r\u00a0unders\u00f6ker kostnader m.m. och \u00e5terkommer till styrelsen med\u00a0det.<\/p>\n<p><b style=\"line-height: 1.5;\">\u00a7 16 Meddelande av plats d\u00e4r st\u00e4mmoprotokollet h\u00e5lls tillg\u00e4ngligt<\/b><\/p>\n<p>St\u00e4mmoprotokollet delas ut till alla medlemmar samt l\u00e4ggs ut p\u00e5 f\u00f6reningens\u00a0 hemsida.<\/p>\n<p><b>\u00a7 17\u00a0\u00a0\u00a0\u00a0\u00a0\u00a0\u00a0\u00a0\u00a0\u00a0\u00a0\u00a0\u00a0\u00a0 M\u00f6tet avslutades<\/b><\/p>\n<p>&nbsp;<\/p>\n<p>&nbsp;<\/p>\n<p>&nbsp;<\/p>\n<p>&nbsp;<\/p>\n<p>Vid protokollet\u00a0\u00a0\u00a0\u00a0\u00a0\u00a0\u00a0\u00a0\u00a0\u00a0\u00a0\u00a0\u00a0\u00a0\u00a0\u00a0\u00a0\u00a0 Justeras:<\/p>\n<p>&nbsp;<\/p>\n<p>&nbsp;<\/p>\n<p>Karin Kajandi\u00a0\u00a0\u00a0\u00a0\u00a0\u00a0\u00a0\u00a0\u00a0\u00a0\u00a0\u00a0\u00a0\u00a0\u00a0\u00a0\u00a0\u00a0\u00a0\u00a0 Thomas Ekstr\u00f6m\u00a0\u00a0\u00a0\u00a0\u00a0\u00a0\u00a0\u00a0\u00a0\u00a0\u00a0\u00a0\u00a0\u00a0\u00a0\u00a0 \u00a0\u00a0\u00a0\u00a0\u00a0\u00a0\u00a0\u00a0\u00a0\u00a0\u00a0\u00a0\u00a0\u00a0\u00a0\u00a0\u00a0\u00a0\u00a0\u00a0\u00a0 Nils H\u00f6gberg<\/p>\n","protected":false},"excerpt":{"rendered":"<p>Protokoll f\u00f6rt vid Samf\u00e4llighetsf\u00f6reningen Hammarg\u00e5rdarnas ordinarie f\u00f6reningsst\u00e4mma den 24 mars 2013 N\u00e4rvarande: Siv \u00d6rarb\u00e4ck\u00a0\u00a0\u00a0\u00a0\u00a0\u00a0\u00a0\u00a0\u00a0\u00a0\u00a0\u00a0\u00a0\u00a0\u00a0\u00a0\u00a0\u00a0\u00a0\u00a0\u00a0\u00a0\u00a0\u00a0\u00a0\u00a0\u00a0\u00a0\u00a0\u00a0\u00a0\u00a0\u00a0\u00a0\u00a0\u00a0\u00a0\u00a0\u00a0\u00a0\u00a0\u00a0\u00a0 Karin Kajandi Lars Petersson\u00a0\u00a0\u00a0\u00a0\u00a0\u00a0\u00a0\u00a0\u00a0\u00a0\u00a0\u00a0\u00a0\u00a0\u00a0\u00a0\u00a0\u00a0\u00a0 \u00a0\u00a0\u00a0\u00a0\u00a0\u00a0\u00a0\u00a0\u00a0\u00a0\u00a0\u00a0\u00a0\u00a0\u00a0\u00a0\u00a0\u00a0\u00a0\u00a0\u00a0 Kristina Lundeborg P\u00e4r Eriksson\u00a0\u00a0\u00a0\u00a0\u00a0\u00a0\u00a0\u00a0\u00a0\u00a0\u00a0\u00a0\u00a0\u00a0\u00a0\u00a0\u00a0\u00a0\u00a0\u00a0\u00a0\u00a0\u00a0\u00a0\u00a0\u00a0\u00a0\u00a0\u00a0\u00a0\u00a0\u00a0\u00a0\u00a0\u00a0\u00a0\u00a0\u00a0\u00a0\u00a0\u00a0\u00a0\u00a0\u00a0 Karin Eriksson Johan Bj\u00f6rk\u00a0\u00a0\u00a0\u00a0\u00a0\u00a0\u00a0\u00a0\u00a0\u00a0\u00a0\u00a0\u00a0\u00a0\u00a0\u00a0\u00a0\u00a0\u00a0\u00a0\u00a0\u00a0\u00a0\u00a0\u00a0\u00a0\u00a0\u00a0\u00a0\u00a0\u00a0\u00a0\u00a0\u00a0\u00a0\u00a0\u00a0\u00a0\u00a0\u00a0\u00a0\u00a0\u00a0\u00a0\u00a0 Josefina Adolfsson Fredrik Waxin\u00a0\u00a0\u00a0\u00a0\u00a0\u00a0\u00a0\u00a0\u00a0\u00a0\u00a0\u00a0\u00a0\u00a0\u00a0\u00a0\u00a0\u00a0\u00a0\u00a0\u00a0\u00a0\u00a0\u00a0\u00a0\u00a0\u00a0\u00a0\u00a0\u00a0\u00a0\u00a0\u00a0\u00a0\u00a0\u00a0\u00a0\u00a0\u00a0\u00a0\u00a0 Thomas Ekstr\u00f6m Bj\u00f6rn Fahl\u00e9n\u00a0\u00a0\u00a0\u00a0\u00a0\u00a0\u00a0\u00a0\u00a0\u00a0\u00a0\u00a0\u00a0\u00a0\u00a0\u00a0\u00a0\u00a0\u00a0\u00a0\u00a0\u00a0\u00a0\u00a0\u00a0\u00a0\u00a0\u00a0\u00a0\u00a0\u00a0\u00a0\u00a0\u00a0\u00a0\u00a0\u00a0\u00a0\u00a0\u00a0\u00a0\u00a0\u00a0\u00a0 Rolf Klein Nils H\u00f6gberg \u00a7 1 \u00d6ppnande av f\u00f6reningsst\u00e4mman Ordf\u00f6rande \u00f6ppnade m\u00f6tet \u00a7 2 Upprop och fullmakter 13 fastigheter representerade. &hellip; <a href=\"https:\/\/hammargardarna.se\/?page_id=316\" class=\"more-link\">Forts\u00e4tt l\u00e4sa <span class=\"screen-reader-text\">Protokoll 2013<\/span> <span class=\"meta-nav\">&rarr;<\/span><\/a><\/p>\n","protected":false},"author":1,"featured_media":0,"parent":168,"menu_order":6,"comment_status":"closed","ping_status":"closed","template":"","meta":[],"_links":{"self":[{"href":"https:\/\/hammargardarna.se\/index.php?rest_route=\/wp\/v2\/pages\/316"}],"collection":[{"href":"https:\/\/hammargardarna.se\/index.php?rest_route=\/wp\/v2\/pages"}],"about":[{"href":"https:\/\/hammargardarna.se\/index.php?rest_route=\/wp\/v2\/types\/page"}],"author":[{"embeddable":true,"href":"https:\/\/hammargardarna.se\/index.php?rest_route=\/wp\/v2\/users\/1"}],"replies":[{"embeddable":true,"href":"https:\/\/hammargardarna.se\/index.php?rest_route=%2Fwp%2Fv2%2Fcomments&post=316"}],"version-history":[{"count":4,"href":"https:\/\/hammargardarna.se\/index.php?rest_route=\/wp\/v2\/pages\/316\/revisions"}],"predecessor-version":[{"id":334,"href":"https:\/\/hammargardarna.se\/index.php?rest_route=\/wp\/v2\/pages\/316\/revisions\/334"}],"up":[{"embeddable":true,"href":"https:\/\/hammargardarna.se\/index.php?rest_route=\/wp\/v2\/pages\/168"}],"wp:attachment":[{"href":"https:\/\/hammargardarna.se\/index.php?rest_route=%2Fwp%2Fv2%2Fmedia&parent=316"}],"curies":[{"name":"wp","href":"https:\/\/api.w.org\/{rel}","templated":true}]}}