{"id":320,"date":"2014-03-17T12:25:02","date_gmt":"2014-03-17T11:25:02","guid":{"rendered":"http:\/\/hammargardarna.se\/?page_id=320"},"modified":"2014-03-31T19:16:22","modified_gmt":"2014-03-31T18:16:22","slug":"protokoll-2014","status":"publish","type":"page","link":"https:\/\/hammargardarna.se\/?page_id=320","title":{"rendered":"Protokoll 2014"},"content":{"rendered":"<p>Protokollet finns via l\u00e4nken nedan.<\/p>\n<p><a href=\"http:\/\/hammargardarna.se\/wp-content\/uploads\/2014\/03\/Protokoll-F\u00f6reningsst\u00e4mma-2014.pdf\">Protokoll F\u00f6reningsst\u00e4mma 2014<\/a><\/p>\n","protected":false},"excerpt":{"rendered":"<p>Protokollet finns via l\u00e4nken nedan. Protokoll F\u00f6reningsst\u00e4mma 2014<\/p>\n","protected":false},"author":1,"featured_media":0,"parent":168,"menu_order":7,"comment_status":"closed","ping_status":"closed","template":"","meta":[],"_links":{"self":[{"href":"https:\/\/hammargardarna.se\/index.php?rest_route=\/wp\/v2\/pages\/320"}],"collection":[{"href":"https:\/\/hammargardarna.se\/index.php?rest_route=\/wp\/v2\/pages"}],"about":[{"href":"https:\/\/hammargardarna.se\/index.php?rest_route=\/wp\/v2\/types\/page"}],"author":[{"embeddable":true,"href":"https:\/\/hammargardarna.se\/index.php?rest_route=\/wp\/v2\/users\/1"}],"replies":[{"embeddable":true,"href":"https:\/\/hammargardarna.se\/index.php?rest_route=%2Fwp%2Fv2%2Fcomments&post=320"}],"version-history":[{"count":4,"href":"https:\/\/hammargardarna.se\/index.php?rest_route=\/wp\/v2\/pages\/320\/revisions"}],"predecessor-version":[{"id":339,"href":"https:\/\/hammargardarna.se\/index.php?rest_route=\/wp\/v2\/pages\/320\/revisions\/339"}],"up":[{"embeddable":true,"href":"https:\/\/hammargardarna.se\/index.php?rest_route=\/wp\/v2\/pages\/168"}],"wp:attachment":[{"href":"https:\/\/hammargardarna.se\/index.php?rest_route=%2Fwp%2Fv2%2Fmedia&parent=320"}],"curies":[{"name":"wp","href":"https:\/\/api.w.org\/{rel}","templated":true}]}}