{"id":324,"date":"2014-03-17T14:10:14","date_gmt":"2014-03-17T13:10:14","guid":{"rendered":"http:\/\/hammargardarna.se\/?page_id=324"},"modified":"2024-03-23T09:53:32","modified_gmt":"2024-03-23T08:53:32","slug":"dokument","status":"publish","type":"page","link":"https:\/\/hammargardarna.se\/?page_id=324","title":{"rendered":"Dokument"},"content":{"rendered":"<h4>Nedan finns blandad information g\u00e4llande f\u00f6reningen.<\/h4>\n<p><a href=\"http:\/\/hammargardarna.se\/wp-content\/uploads\/2014\/03\/Information-om-v\u00e5ra-gemensamma-gr\u00f6nomr\u00e5den.pdf\">Information om v\u00e5ra gemensamma gr\u00f6nomr\u00e5den<\/a><\/p>\n<p><a href=\"http:\/\/hammargardarna.se\/wp-content\/uploads\/2014\/03\/Karta-\u00f6ver-omr\u00e5desgrupperna-i-samf\u00e4lligheten-Hammarg\u00e5rdarna.pdf\">Karta \u00f6ver omr\u00e5desgrupperna i samf\u00e4lligheten Hammarg\u00e5rdarna<\/a><\/p>\n<p><a href=\"http:\/\/hammargardarna.se\/wp-content\/uploads\/2024\/02\/Rullande-schema.pdf\">Rullande schema f\u00f6r uppdrag i samf\u00e4lligheten Hammarg\u00e5rdarna<\/a><\/p>\n<p><a href=\"http:\/\/hammargardarna.se\/wp-content\/uploads\/2015\/02\/Bastubad.pdf\">Regler g\u00e4llande bastun<\/a><\/p>\n<p><a href=\"http:\/\/hammargardarna.se\/wp-content\/uploads\/2024\/03\/Stadgar-Hammargardarna.pdf\">Hammarg\u00e5rdarna Stadgar<\/a><\/p>\n","protected":false},"excerpt":{"rendered":"<p>Nedan finns blandad information g\u00e4llande f\u00f6reningen. Information om v\u00e5ra gemensamma gr\u00f6nomr\u00e5den Karta \u00f6ver omr\u00e5desgrupperna i samf\u00e4lligheten Hammarg\u00e5rdarna Rullande schema f\u00f6r uppdrag i samf\u00e4lligheten Hammarg\u00e5rdarna Regler g\u00e4llande bastun Hammarg\u00e5rdarna Stadgar<\/p>\n","protected":false},"author":1,"featured_media":0,"parent":0,"menu_order":8,"comment_status":"closed","ping_status":"closed","template":"","meta":[],"_links":{"self":[{"href":"https:\/\/hammargardarna.se\/index.php?rest_route=\/wp\/v2\/pages\/324"}],"collection":[{"href":"https:\/\/hammargardarna.se\/index.php?rest_route=\/wp\/v2\/pages"}],"about":[{"href":"https:\/\/hammargardarna.se\/index.php?rest_route=\/wp\/v2\/types\/page"}],"author":[{"embeddable":true,"href":"https:\/\/hammargardarna.se\/index.php?rest_route=\/wp\/v2\/users\/1"}],"replies":[{"embeddable":true,"href":"https:\/\/hammargardarna.se\/index.php?rest_route=%2Fwp%2Fv2%2Fcomments&post=324"}],"version-history":[{"count":10,"href":"https:\/\/hammargardarna.se\/index.php?rest_route=\/wp\/v2\/pages\/324\/revisions"}],"predecessor-version":[{"id":532,"href":"https:\/\/hammargardarna.se\/index.php?rest_route=\/wp\/v2\/pages\/324\/revisions\/532"}],"wp:attachment":[{"href":"https:\/\/hammargardarna.se\/index.php?rest_route=%2Fwp%2Fv2%2Fmedia&parent=324"}],"curies":[{"name":"wp","href":"https:\/\/api.w.org\/{rel}","templated":true}]}}