{"id":33,"date":"2010-08-23T20:53:52","date_gmt":"2010-08-23T19:53:52","guid":{"rendered":"http:\/\/hammargardarna.se\/?page_id=33"},"modified":"2014-03-31T19:40:11","modified_gmt":"2014-03-31T18:40:11","slug":"stadomraden","status":"publish","type":"page","link":"https:\/\/hammargardarna.se\/?page_id=33","title":{"rendered":"St\u00e4domr\u00e5den"},"content":{"rendered":"<p class=\"MsoNormal\"><span style=\"font-family: Calibri;\">Vi f\u00f6rvaltar och underh\u00e5ller v\u00e5rt omr\u00e5de tillsammans. Alla fastigheter \u00e4r indelade in omr\u00e5desgrupper\/ arbetsgrupper som ansvarar f\u00f6r den l\u00f6pande sk\u00f6tseln av respektive omr\u00e5de. L\u00e4s mer i dokumenten nedan f\u00f6r att se vilket omr\u00e5de din fastighet tillh\u00f6r och f\u00f6r att l\u00e4sa mer om hur det \u00e4r t\u00e4nkt att omr\u00e5dena ska sk\u00f6tas.<\/span><\/p>\n<p class=\"MsoNormal\"><span style=\"font-family: Calibri; line-height: 1.5;\">Vi har k\u00f6pt in en trimmer som ska g\u00f6ra det l\u00e4ttare att sk\u00f6ta om v\u00e5ra gemensamma ytor. Trimmern ska anv\u00e4ndas till att ta bort gr\u00e4s runt stolpar m.m. T\u00e4nk p\u00e5 s\u00e4kerheten vid anv\u00e4ndandet!<\/span><\/p>\n<p class=\"MsoNormal\"><a href=\"http:\/\/hammargardarna.se\/wp-content\/uploads\/2014\/03\/Karta-\u00f6ver-omr\u00e5desgrupperna-i-samf\u00e4lligheten-Hammarg\u00e5rdarna.pdf\">Karta \u00f6ver omr\u00e5desgrupperna<\/a><br \/>\n<a href=\"http:\/\/hammargardarna.se\/wp-content\/uploads\/2014\/03\/Information-om-v\u00e5ra-gemensamma-gr\u00f6nomr\u00e5den.pdf\">Information om gemensamma gr\u00f6nomr\u00e5den<\/a><\/p>\n<p class=\"MsoNormal\">\n","protected":false},"excerpt":{"rendered":"<p>Vi f\u00f6rvaltar och underh\u00e5ller v\u00e5rt omr\u00e5de tillsammans. Alla fastigheter \u00e4r indelade in omr\u00e5desgrupper\/ arbetsgrupper som ansvarar f\u00f6r den l\u00f6pande sk\u00f6tseln av respektive omr\u00e5de. L\u00e4s mer i dokumenten nedan f\u00f6r att se vilket omr\u00e5de din fastighet tillh\u00f6r och f\u00f6r att l\u00e4sa mer om hur det \u00e4r t\u00e4nkt att omr\u00e5dena ska sk\u00f6tas. Vi har k\u00f6pt in en &hellip; <a href=\"https:\/\/hammargardarna.se\/?page_id=33\" class=\"more-link\">Forts\u00e4tt l\u00e4sa <span class=\"screen-reader-text\">St\u00e4domr\u00e5den<\/span> <span class=\"meta-nav\">&rarr;<\/span><\/a><\/p>\n","protected":false},"author":1,"featured_media":0,"parent":0,"menu_order":3,"comment_status":"closed","ping_status":"open","template":"","meta":[],"_links":{"self":[{"href":"https:\/\/hammargardarna.se\/index.php?rest_route=\/wp\/v2\/pages\/33"}],"collection":[{"href":"https:\/\/hammargardarna.se\/index.php?rest_route=\/wp\/v2\/pages"}],"about":[{"href":"https:\/\/hammargardarna.se\/index.php?rest_route=\/wp\/v2\/types\/page"}],"author":[{"embeddable":true,"href":"https:\/\/hammargardarna.se\/index.php?rest_route=\/wp\/v2\/users\/1"}],"replies":[{"embeddable":true,"href":"https:\/\/hammargardarna.se\/index.php?rest_route=%2Fwp%2Fv2%2Fcomments&post=33"}],"version-history":[{"count":4,"href":"https:\/\/hammargardarna.se\/index.php?rest_route=\/wp\/v2\/pages\/33\/revisions"}],"predecessor-version":[{"id":347,"href":"https:\/\/hammargardarna.se\/index.php?rest_route=\/wp\/v2\/pages\/33\/revisions\/347"}],"wp:attachment":[{"href":"https:\/\/hammargardarna.se\/index.php?rest_route=%2Fwp%2Fv2%2Fmedia&parent=33"}],"curies":[{"name":"wp","href":"https:\/\/api.w.org\/{rel}","templated":true}]}}