{"id":367,"date":"2015-03-16T20:37:37","date_gmt":"2015-03-16T19:37:37","guid":{"rendered":"http:\/\/hammargardarna.se\/?page_id=367"},"modified":"2015-03-16T20:37:37","modified_gmt":"2015-03-16T19:37:37","slug":"dagordning-2012","status":"publish","type":"page","link":"https:\/\/hammargardarna.se\/?page_id=367","title":{"rendered":"Dagordning 2012"},"content":{"rendered":"<p><strong>Dagordning \u00e5rsst\u00e4mma 25 mars 2012<\/strong><\/p>\n<p>&nbsp;<\/p>\n<ol>\n<li>St\u00e4mman \u00f6ppnas<\/li>\n<li>N\u00e4rvaro<\/li>\n<li>St\u00e4mmans utlysande<\/li>\n<li>Dagordningens fastst\u00e4llande<\/li>\n<li>Val av ordf\u00f6rande, sekreterare och justeringsm\u00e4n<\/li>\n<li>Verksamhetsber\u00e4ttelse och r\u00e4kenskapsber\u00e4ttelse<\/li>\n<li>Revisionsber\u00e4ttelse<\/li>\n<li>Ansvarsfrihet f\u00f6r styrelsen<\/li>\n<li>F\u00f6rslag fr\u00e5n styrelsen<\/li>\n<li>Motioner fr\u00e5n medlemmarna<\/li>\n<li>Budget f\u00f6r 2012<\/li>\n<li>Fastst\u00e4llande av \u00e5rsavgiften<\/li>\n<li>Val till styrelsen\n<ol>\n<li>Ordf\u00f6rande<\/li>\n<li>Styrelseledam\u00f6ter<\/li>\n<li>Styrelsesuppleanter<\/li>\n<li>Revisorer<\/li>\n<li>Revisorsuppleanter<\/li>\n<\/ol>\n<\/li>\n<\/ol>\n<ol start=\"14\">\n<li>Valberedning<\/li>\n<li>Flaggansvariga<\/li>\n<li>\u00d6vriga fr\u00e5gor<\/li>\n<li>M\u00f6tesprotokoll<\/li>\n<li>M\u00f6tet avslutas<\/li>\n<\/ol>\n","protected":false},"excerpt":{"rendered":"<p>Dagordning \u00e5rsst\u00e4mma 25 mars 2012 &nbsp; St\u00e4mman \u00f6ppnas N\u00e4rvaro St\u00e4mmans utlysande Dagordningens fastst\u00e4llande Val av ordf\u00f6rande, sekreterare och justeringsm\u00e4n Verksamhetsber\u00e4ttelse och r\u00e4kenskapsber\u00e4ttelse Revisionsber\u00e4ttelse Ansvarsfrihet f\u00f6r styrelsen F\u00f6rslag fr\u00e5n styrelsen Motioner fr\u00e5n medlemmarna Budget f\u00f6r 2012 Fastst\u00e4llande av \u00e5rsavgiften Val till styrelsen Ordf\u00f6rande Styrelseledam\u00f6ter Styrelsesuppleanter Revisorer Revisorsuppleanter Valberedning Flaggansvariga \u00d6vriga fr\u00e5gor M\u00f6tesprotokoll M\u00f6tet avslutas<\/p>\n","protected":false},"author":1,"featured_media":0,"parent":205,"menu_order":0,"comment_status":"closed","ping_status":"closed","template":"","meta":[],"_links":{"self":[{"href":"https:\/\/hammargardarna.se\/index.php?rest_route=\/wp\/v2\/pages\/367"}],"collection":[{"href":"https:\/\/hammargardarna.se\/index.php?rest_route=\/wp\/v2\/pages"}],"about":[{"href":"https:\/\/hammargardarna.se\/index.php?rest_route=\/wp\/v2\/types\/page"}],"author":[{"embeddable":true,"href":"https:\/\/hammargardarna.se\/index.php?rest_route=\/wp\/v2\/users\/1"}],"replies":[{"embeddable":true,"href":"https:\/\/hammargardarna.se\/index.php?rest_route=%2Fwp%2Fv2%2Fcomments&post=367"}],"version-history":[{"count":1,"href":"https:\/\/hammargardarna.se\/index.php?rest_route=\/wp\/v2\/pages\/367\/revisions"}],"predecessor-version":[{"id":368,"href":"https:\/\/hammargardarna.se\/index.php?rest_route=\/wp\/v2\/pages\/367\/revisions\/368"}],"up":[{"embeddable":true,"href":"https:\/\/hammargardarna.se\/index.php?rest_route=\/wp\/v2\/pages\/205"}],"wp:attachment":[{"href":"https:\/\/hammargardarna.se\/index.php?rest_route=%2Fwp%2Fv2%2Fmedia&parent=367"}],"curies":[{"name":"wp","href":"https:\/\/api.w.org\/{rel}","templated":true}]}}