{"id":372,"date":"2015-04-20T17:48:36","date_gmt":"2015-04-20T16:48:36","guid":{"rendered":"http:\/\/hammargardarna.se\/?page_id=372"},"modified":"2015-04-20T17:51:52","modified_gmt":"2015-04-20T16:51:52","slug":"protokoll-2015","status":"publish","type":"page","link":"https:\/\/hammargardarna.se\/?page_id=372","title":{"rendered":"Protokoll 2015"},"content":{"rendered":"<p>Protokollet finns via l\u00e4nken nedan.<\/p>\n<p><a href=\"http:\/\/hammargardarna.se\/wp-content\/uploads\/2015\/04\/Protokoll-F\u00f6reningsst\u00e4mma-2015.pdf\">Protokoll F\u00f6reningsst\u00e4mma 2015<\/a><\/p>\n","protected":false},"excerpt":{"rendered":"<p>Protokollet finns via l\u00e4nken nedan. Protokoll F\u00f6reningsst\u00e4mma 2015<\/p>\n","protected":false},"author":1,"featured_media":0,"parent":168,"menu_order":7,"comment_status":"closed","ping_status":"closed","template":"","meta":[],"_links":{"self":[{"href":"https:\/\/hammargardarna.se\/index.php?rest_route=\/wp\/v2\/pages\/372"}],"collection":[{"href":"https:\/\/hammargardarna.se\/index.php?rest_route=\/wp\/v2\/pages"}],"about":[{"href":"https:\/\/hammargardarna.se\/index.php?rest_route=\/wp\/v2\/types\/page"}],"author":[{"embeddable":true,"href":"https:\/\/hammargardarna.se\/index.php?rest_route=\/wp\/v2\/users\/1"}],"replies":[{"embeddable":true,"href":"https:\/\/hammargardarna.se\/index.php?rest_route=%2Fwp%2Fv2%2Fcomments&post=372"}],"version-history":[{"count":3,"href":"https:\/\/hammargardarna.se\/index.php?rest_route=\/wp\/v2\/pages\/372\/revisions"}],"predecessor-version":[{"id":376,"href":"https:\/\/hammargardarna.se\/index.php?rest_route=\/wp\/v2\/pages\/372\/revisions\/376"}],"up":[{"embeddable":true,"href":"https:\/\/hammargardarna.se\/index.php?rest_route=\/wp\/v2\/pages\/168"}],"wp:attachment":[{"href":"https:\/\/hammargardarna.se\/index.php?rest_route=%2Fwp%2Fv2%2Fmedia&parent=372"}],"curies":[{"name":"wp","href":"https:\/\/api.w.org\/{rel}","templated":true}]}}