{"id":389,"date":"2016-03-18T16:37:58","date_gmt":"2016-03-18T15:37:58","guid":{"rendered":"http:\/\/hammargardarna.se\/?page_id=389"},"modified":"2016-03-18T16:37:58","modified_gmt":"2016-03-18T15:37:58","slug":"dagordning-2016","status":"publish","type":"page","link":"https:\/\/hammargardarna.se\/?page_id=389","title":{"rendered":"Dagordning 2016"},"content":{"rendered":"<p><strong>Vattholma 2016-03-06<\/strong><br \/>\n<strong> Samf\u00e4llighetsf\u00f6reningen Hammarg\u00e5rdarna<\/strong><br \/>\n<strong> Organisationsnummer: 716401-5666<\/strong><\/p>\n<p>Dagordning f\u00f6r ordinarie f\u00f6reningsst\u00e4mma 2016-03-20 kl. 1100, Kvartershuset<\/p>\n<ol>\n<li>\u00d6ppnande av f\u00f6reningsst\u00e4mman.<\/li>\n<li>Val av ordf\u00f6rande f\u00f6r st\u00e4mman.<\/li>\n<li>Val av sekreterare och tv\u00e5 justeringsm\u00e4n.<\/li>\n<li>Upprop och fullmakter.<\/li>\n<li>Fr\u00e5ga om f\u00f6reningsst\u00e4mmans beh\u00f6riga utlysande.<\/li>\n<li>Fastst\u00e4llande av dagordning.<\/li>\n<li>Styrelsens verksamhetsber\u00e4ttelse inklusive r\u00e4kenskapsber\u00e4ttelse.<\/li>\n<li>Revisionsber\u00e4ttelse.<\/li>\n<li>Ansvarsfrihet f\u00f6r styrelsen.<\/li>\n<li>Styrelsens f\u00f6rslag till utgifts- och inkomststat samt debiteringsl\u00e4ngd.<\/li>\n<li>Fastst\u00e4llande av \u00e5rsavgiften.<\/li>\n<li>Motioner fr\u00e5n medlemmarna. En motion har inkommit g\u00e4llande ink\u00f6p av en sj\u00e4lvg\u00e5ende motorgr\u00e4sklippare till en kostnad av cirka 5000 kr. Styrelsen har tillstyrkt motionen. Medel har avsatts i \u00e5rets budget f\u00f6r ink\u00f6p av en motorgr\u00e4sklippare.<\/li>\n<li>Inre upprustning av kvartershuset, Bj\u00f6rn Fahl\u00e9n. Arbetsgrupp, se verksamhetsber\u00e4ttelse<\/li>\n<li>F\u00f6rslag fr\u00e5n styrelsen till n\u00e4stkommande styrelse.<\/li>\n<li>Underh\u00e5ll av f\u00f6nster, se verksamhetsber\u00e4ttelse.<\/li>\n<li>Val till styrelsen enligt rullande schema, se bilaga.\n<ol>\n<li>Styrelseordf\u00f6rande. VAKANT!<\/li>\n<li>Styrelseledam\u00f6ter, se bilaga<\/li>\n<li>Styrelsesuppleanter, se bilaga<\/li>\n<\/ol>\n<\/li>\n<li>Val av\n<ol>\n<li>Revisorer, enligt rullande schema, se bilaga.<\/li>\n<li>Revisorssuppleanter, enligt rullande schema, se bilaga.<\/li>\n<\/ol>\n<\/li>\n<li>Val av Flaggansvariga, enligt rullande schema, se bilaga<\/li>\n<li>\u00d6vriga fr\u00e5gor.<\/li>\n<\/ol>\n<ul>\n<li>Uppsala stadsn\u00e4t.\u00a0<a href=\"http:\/\/www.uppsalastadsnat.se\/\">http:\/\/www.uppsalastadsnat.se\/<\/a><\/li>\n<\/ul>\n<ol start=\"20\">\n<li>Meddelande av plats d\u00e4r st\u00e4mmoprotokollet h\u00e5lls tillg\u00e4ngligt.<\/li>\n<li>M\u00f6tet avslutas.<\/li>\n<\/ol>\n","protected":false},"excerpt":{"rendered":"<p>Vattholma 2016-03-06 Samf\u00e4llighetsf\u00f6reningen Hammarg\u00e5rdarna Organisationsnummer: 716401-5666 Dagordning f\u00f6r ordinarie f\u00f6reningsst\u00e4mma 2016-03-20 kl. 1100, Kvartershuset \u00d6ppnande av f\u00f6reningsst\u00e4mman. Val av ordf\u00f6rande f\u00f6r st\u00e4mman. Val av sekreterare och tv\u00e5 justeringsm\u00e4n. Upprop och fullmakter. Fr\u00e5ga om f\u00f6reningsst\u00e4mmans beh\u00f6riga utlysande. Fastst\u00e4llande av dagordning. Styrelsens verksamhetsber\u00e4ttelse inklusive r\u00e4kenskapsber\u00e4ttelse. Revisionsber\u00e4ttelse. Ansvarsfrihet f\u00f6r styrelsen. Styrelsens f\u00f6rslag till utgifts- och inkomststat samt debiteringsl\u00e4ngd. &hellip; <a href=\"https:\/\/hammargardarna.se\/?page_id=389\" class=\"more-link\">Forts\u00e4tt l\u00e4sa <span class=\"screen-reader-text\">Dagordning 2016<\/span> <span class=\"meta-nav\">&rarr;<\/span><\/a><\/p>\n","protected":false},"author":1,"featured_media":0,"parent":205,"menu_order":3,"comment_status":"closed","ping_status":"closed","template":"","meta":[],"_links":{"self":[{"href":"https:\/\/hammargardarna.se\/index.php?rest_route=\/wp\/v2\/pages\/389"}],"collection":[{"href":"https:\/\/hammargardarna.se\/index.php?rest_route=\/wp\/v2\/pages"}],"about":[{"href":"https:\/\/hammargardarna.se\/index.php?rest_route=\/wp\/v2\/types\/page"}],"author":[{"embeddable":true,"href":"https:\/\/hammargardarna.se\/index.php?rest_route=\/wp\/v2\/users\/1"}],"replies":[{"embeddable":true,"href":"https:\/\/hammargardarna.se\/index.php?rest_route=%2Fwp%2Fv2%2Fcomments&post=389"}],"version-history":[{"count":1,"href":"https:\/\/hammargardarna.se\/index.php?rest_route=\/wp\/v2\/pages\/389\/revisions"}],"predecessor-version":[{"id":391,"href":"https:\/\/hammargardarna.se\/index.php?rest_route=\/wp\/v2\/pages\/389\/revisions\/391"}],"up":[{"embeddable":true,"href":"https:\/\/hammargardarna.se\/index.php?rest_route=\/wp\/v2\/pages\/205"}],"wp:attachment":[{"href":"https:\/\/hammargardarna.se\/index.php?rest_route=%2Fwp%2Fv2%2Fmedia&parent=389"}],"curies":[{"name":"wp","href":"https:\/\/api.w.org\/{rel}","templated":true}]}}