{"id":403,"date":"2017-05-14T20:54:51","date_gmt":"2017-05-14T19:54:51","guid":{"rendered":"http:\/\/hammargardarna.se\/?page_id=403"},"modified":"2017-05-14T20:54:51","modified_gmt":"2017-05-14T19:54:51","slug":"protokoll-2017","status":"publish","type":"page","link":"https:\/\/hammargardarna.se\/?page_id=403","title":{"rendered":"Protokoll 2017"},"content":{"rendered":"<p>Protokoll finns via l\u00e4nken nedan<\/p>\n<p><a href=\"http:\/\/hammargardarna.se\/wp-content\/uploads\/2017\/05\/F\u00f6reningsst\u00e4mma-2017.pdf\">F\u00f6reningsst\u00e4mma 2017<\/a><\/p>\n","protected":false},"excerpt":{"rendered":"<p>Protokoll finns via l\u00e4nken nedan F\u00f6reningsst\u00e4mma 2017<\/p>\n","protected":false},"author":1,"featured_media":0,"parent":168,"menu_order":10,"comment_status":"closed","ping_status":"closed","template":"","meta":[],"_links":{"self":[{"href":"https:\/\/hammargardarna.se\/index.php?rest_route=\/wp\/v2\/pages\/403"}],"collection":[{"href":"https:\/\/hammargardarna.se\/index.php?rest_route=\/wp\/v2\/pages"}],"about":[{"href":"https:\/\/hammargardarna.se\/index.php?rest_route=\/wp\/v2\/types\/page"}],"author":[{"embeddable":true,"href":"https:\/\/hammargardarna.se\/index.php?rest_route=\/wp\/v2\/users\/1"}],"replies":[{"embeddable":true,"href":"https:\/\/hammargardarna.se\/index.php?rest_route=%2Fwp%2Fv2%2Fcomments&post=403"}],"version-history":[{"count":3,"href":"https:\/\/hammargardarna.se\/index.php?rest_route=\/wp\/v2\/pages\/403\/revisions"}],"predecessor-version":[{"id":406,"href":"https:\/\/hammargardarna.se\/index.php?rest_route=\/wp\/v2\/pages\/403\/revisions\/406"}],"up":[{"embeddable":true,"href":"https:\/\/hammargardarna.se\/index.php?rest_route=\/wp\/v2\/pages\/168"}],"wp:attachment":[{"href":"https:\/\/hammargardarna.se\/index.php?rest_route=%2Fwp%2Fv2%2Fmedia&parent=403"}],"curies":[{"name":"wp","href":"https:\/\/api.w.org\/{rel}","templated":true}]}}