{"id":413,"date":"2018-05-04T09:18:44","date_gmt":"2018-05-04T08:18:44","guid":{"rendered":"http:\/\/hammargardarna.se\/?page_id=413"},"modified":"2018-05-04T09:18:44","modified_gmt":"2018-05-04T08:18:44","slug":"protokoll-2018","status":"publish","type":"page","link":"https:\/\/hammargardarna.se\/?page_id=413","title":{"rendered":"Protokoll 2018"},"content":{"rendered":"<p>Protokoll fr\u00e5n f\u00f6reningsst\u00e4mman finns nedan.<\/p>\n<p><a href=\"http:\/\/hammargardarna.se\/wp-content\/uploads\/2018\/05\/Protokoll-25-Mars-2018-2.pdf\">Protokoll 2018<\/a><\/p>\n","protected":false},"excerpt":{"rendered":"<p>Protokoll fr\u00e5n f\u00f6reningsst\u00e4mman finns nedan. Protokoll 2018<\/p>\n","protected":false},"author":1,"featured_media":0,"parent":168,"menu_order":11,"comment_status":"closed","ping_status":"closed","template":"","meta":[],"_links":{"self":[{"href":"https:\/\/hammargardarna.se\/index.php?rest_route=\/wp\/v2\/pages\/413"}],"collection":[{"href":"https:\/\/hammargardarna.se\/index.php?rest_route=\/wp\/v2\/pages"}],"about":[{"href":"https:\/\/hammargardarna.se\/index.php?rest_route=\/wp\/v2\/types\/page"}],"author":[{"embeddable":true,"href":"https:\/\/hammargardarna.se\/index.php?rest_route=\/wp\/v2\/users\/1"}],"replies":[{"embeddable":true,"href":"https:\/\/hammargardarna.se\/index.php?rest_route=%2Fwp%2Fv2%2Fcomments&post=413"}],"version-history":[{"count":1,"href":"https:\/\/hammargardarna.se\/index.php?rest_route=\/wp\/v2\/pages\/413\/revisions"}],"predecessor-version":[{"id":414,"href":"https:\/\/hammargardarna.se\/index.php?rest_route=\/wp\/v2\/pages\/413\/revisions\/414"}],"up":[{"embeddable":true,"href":"https:\/\/hammargardarna.se\/index.php?rest_route=\/wp\/v2\/pages\/168"}],"wp:attachment":[{"href":"https:\/\/hammargardarna.se\/index.php?rest_route=%2Fwp%2Fv2%2Fmedia&parent=413"}],"curies":[{"name":"wp","href":"https:\/\/api.w.org\/{rel}","templated":true}]}}