{"id":42,"date":"2010-08-24T18:50:49","date_gmt":"2010-08-24T17:50:49","guid":{"rendered":"http:\/\/hammargardarna.se\/?page_id=42"},"modified":"2014-03-17T12:29:04","modified_gmt":"2014-03-17T11:29:04","slug":"bastu","status":"publish","type":"page","link":"https:\/\/hammargardarna.se\/?page_id=42","title":{"rendered":"Bastu"},"content":{"rendered":"<p class=\"MsoNormal\"><span style=\"font-family: Calibri;\">I samlingslokalen finns en bastu som alla medlemmar f\u00e5r anv\u00e4nda sig av, bokningslista finns i lokalen. T\u00e4nk p\u00e5 att st\u00e4da av efter dig d\u00e5 vi enbart st\u00e4dar samlingslokalen vid st\u00e4ddagarna.<\/span><\/p>\n<p class=\"MsoNormal\"><span style=\"font-family: Calibri;\"><a href=\"http:\/\/hammargardarna.se\/?page_id=213 \">Boka bastun<\/a> <\/span><\/p>\n","protected":false},"excerpt":{"rendered":"<p>I samlingslokalen finns en bastu som alla medlemmar f\u00e5r anv\u00e4nda sig av, bokningslista finns i lokalen. T\u00e4nk p\u00e5 att st\u00e4da av efter dig d\u00e5 vi enbart st\u00e4dar samlingslokalen vid st\u00e4ddagarna. Boka bastun<\/p>\n","protected":false},"author":1,"featured_media":0,"parent":5,"menu_order":2,"comment_status":"closed","ping_status":"closed","template":"","meta":[],"_links":{"self":[{"href":"https:\/\/hammargardarna.se\/index.php?rest_route=\/wp\/v2\/pages\/42"}],"collection":[{"href":"https:\/\/hammargardarna.se\/index.php?rest_route=\/wp\/v2\/pages"}],"about":[{"href":"https:\/\/hammargardarna.se\/index.php?rest_route=\/wp\/v2\/types\/page"}],"author":[{"embeddable":true,"href":"https:\/\/hammargardarna.se\/index.php?rest_route=\/wp\/v2\/users\/1"}],"replies":[{"embeddable":true,"href":"https:\/\/hammargardarna.se\/index.php?rest_route=%2Fwp%2Fv2%2Fcomments&post=42"}],"version-history":[{"count":6,"href":"https:\/\/hammargardarna.se\/index.php?rest_route=\/wp\/v2\/pages\/42\/revisions"}],"predecessor-version":[{"id":322,"href":"https:\/\/hammargardarna.se\/index.php?rest_route=\/wp\/v2\/pages\/42\/revisions\/322"}],"up":[{"embeddable":true,"href":"https:\/\/hammargardarna.se\/index.php?rest_route=\/wp\/v2\/pages\/5"}],"wp:attachment":[{"href":"https:\/\/hammargardarna.se\/index.php?rest_route=%2Fwp%2Fv2%2Fmedia&parent=42"}],"curies":[{"name":"wp","href":"https:\/\/api.w.org\/{rel}","templated":true}]}}