{"id":5,"date":"2010-08-17T19:56:06","date_gmt":"2010-08-17T19:56:06","guid":{"rendered":"http:\/\/hammargardarna.se\/?page_id=5"},"modified":"2012-03-31T11:28:08","modified_gmt":"2012-03-31T10:28:08","slug":"om-samfalligheten","status":"publish","type":"page","link":"https:\/\/hammargardarna.se\/?page_id=5","title":{"rendered":"Om samf\u00e4lligheten"},"content":{"rendered":"<p class=\"MsoNormal\"><span style=\"font-family: Calibri;\">Den d\u00e5varande Byggnadsfirman Anders Di\u00f6s har byggt husen inom samf\u00e4llighetsf\u00f6reningen. Den 24 augusti 1979 skickade Di\u00f6s in en anm\u00e4lan till Fastighetsbildningsmyndigheten Uppsala lantm\u00e4teridistrikt om att bilda Samf\u00e4llighetsf\u00f6reningen Hammarg\u00e5rdarna f\u00f6r f\u00f6rvaltningen av samf\u00e4lligheten. <\/span><span style=\"font-family: Wingdings; mso-fareast-font-family: Wingdings; mso-bidi-font-family: Wingdings;\"><span style=\"mso-list: Ignore;\"><span style=\"font: 7.0pt &amp;amp;amp;\"> <\/span><\/span><\/span><span style=\"font-family: Calibri;\">Samf\u00e4llighetsf\u00f6reningen Hammarg\u00e5rdarna inregistrerades f\u00f6r f\u00f6rsta g\u00e5ngen den 10 oktober 1979. <\/span><span style=\"font-family: Calibri;\">En stadge\u00e4ndring inf\u00f6rdes den 4 december 1979 beroende p\u00e5 att samf\u00e4lligheten tappade ett antal fastigheter och medlemmar till den nybildade Samf\u00e4llighetsf\u00f6reningen Forsen. S<\/span><span style=\"font-family: Calibri;\">amf\u00e4llighetsf\u00f6reningarna Forsen och Hammarg\u00e5rdarna f\u00f6rvaltar dock fortfarande kabel-tv-anl\u00e4ggningen gemensamt.<\/span><\/p>\n<p class=\"MsoNormal\">\n<p class=\"MsoNormal\"><span style=\"font-family: Calibri;\">Samf\u00e4llighetsf\u00f6reningen Hammarg\u00e5rdarna best\u00e5r av 25 medlemmar &#8211; \u00e4garna av fastigheterna med beteckning Vattholma 5:265 t o m 5:289.<\/span><\/p>\n<p class=\"MsoNormal\"><span style=\"font-family: Calibri;\">Medlemskap uppst\u00e5r automatiskt i samf\u00e4llighetsf\u00f6reningen n\u00e4r man k\u00f6per en fastighet inom f\u00f6reningen. <\/span><span style=\"font-family: Calibri;\">I samf\u00e4llighetsf\u00f6reningens ansvar ligger att f\u00f6rvalta det gemensamma inom samf\u00e4lligheten s\u00e5som kvartershus, kabel-tv-anl\u00e4ggning, lekplatser och mark. <\/span><span style=\"font-family: Calibri;\">Avgifter tas ut tv\u00e5 g\u00e5nger per \u00e5r av samtliga medlemmar f\u00f6r att samf\u00e4lligheten ekonomiskt ska klara av att f\u00f6rvalta omr\u00e5det. \u00c5rsm\u00f6tet varje \u00e5r fastst\u00e4ller hur h\u00f6g \u00e5rsavgiften skall vara f\u00f6r kommmande \u00e5r.<\/span><\/p>\n<p class=\"MsoNormal\">\n<p class=\"MsoNormal\"><span style=\"font-family: Calibri;\">Styrelsen f\u00f6r Samf\u00e4llighetsf\u00f6reningen Hammarg\u00e5rdarna kallar samtliga medlemmar till tv\u00e5 st\u00e4ddagar per \u00e5r, v\u00e5r och h\u00f6st. Under de dagarna ska medlemmarna \u00e4gna sig \u00e5t att ta extra hand om de gemensamma ytorna b\u00e5de inne i samlingslokalen och utomhus. Dagarna fyller \u00e4ven en social funktion d\u00e5 vi har chans att tr\u00e4ffas och umg\u00e5s. <\/span><\/p>\n<p class=\"MsoNormal\"><span style=\"font-family: Calibri;\">Alla medlemmar har ansvar att f\u00f6rvalta samf\u00e4lligheten Hammarg\u00e5rdarna och alla medlemmar uppmanas att medverka p\u00e5 st\u00e4ddagarna.<\/span><\/p>\n<p><span style=\"font-family: Calibri;\"> <\/span><\/p>\n<p><span style=\"font-size: 14.0pt; mso-bidi-font-size: 10.0pt; font-family: Calibri; mso-fareast-font-family: &amp;amp;amp; mso-bidi-font-family: &amp;amp;amp; mso-ansi-language: SV; mso-fareast-language: SV; mso-bidi-language: AR-SA;\"> <\/span><span style=\"font-family: Calibri;\"> <\/span><\/p>\n","protected":false},"excerpt":{"rendered":"<p>Den d\u00e5varande Byggnadsfirman Anders Di\u00f6s har byggt husen inom samf\u00e4llighetsf\u00f6reningen. Den 24 augusti 1979 skickade Di\u00f6s in en anm\u00e4lan till Fastighetsbildningsmyndigheten Uppsala lantm\u00e4teridistrikt om att bilda Samf\u00e4llighetsf\u00f6reningen Hammarg\u00e5rdarna f\u00f6r f\u00f6rvaltningen av samf\u00e4lligheten. Samf\u00e4llighetsf\u00f6reningen Hammarg\u00e5rdarna inregistrerades f\u00f6r f\u00f6rsta g\u00e5ngen den 10 oktober 1979. En stadge\u00e4ndring inf\u00f6rdes den 4 december 1979 beroende p\u00e5 att samf\u00e4lligheten tappade ett &hellip; <a href=\"https:\/\/hammargardarna.se\/?page_id=5\" class=\"more-link\">Forts\u00e4tt l\u00e4sa <span class=\"screen-reader-text\">Om samf\u00e4lligheten<\/span> <span class=\"meta-nav\">&rarr;<\/span><\/a><\/p>\n","protected":false},"author":1,"featured_media":0,"parent":0,"menu_order":1,"comment_status":"closed","ping_status":"open","template":"","meta":[],"_links":{"self":[{"href":"https:\/\/hammargardarna.se\/index.php?rest_route=\/wp\/v2\/pages\/5"}],"collection":[{"href":"https:\/\/hammargardarna.se\/index.php?rest_route=\/wp\/v2\/pages"}],"about":[{"href":"https:\/\/hammargardarna.se\/index.php?rest_route=\/wp\/v2\/types\/page"}],"author":[{"embeddable":true,"href":"https:\/\/hammargardarna.se\/index.php?rest_route=\/wp\/v2\/users\/1"}],"replies":[{"embeddable":true,"href":"https:\/\/hammargardarna.se\/index.php?rest_route=%2Fwp%2Fv2%2Fcomments&post=5"}],"version-history":[{"count":2,"href":"https:\/\/hammargardarna.se\/index.php?rest_route=\/wp\/v2\/pages\/5\/revisions"}],"predecessor-version":[{"id":226,"href":"https:\/\/hammargardarna.se\/index.php?rest_route=\/wp\/v2\/pages\/5\/revisions\/226"}],"wp:attachment":[{"href":"https:\/\/hammargardarna.se\/index.php?rest_route=%2Fwp%2Fv2%2Fmedia&parent=5"}],"curies":[{"name":"wp","href":"https:\/\/api.w.org\/{rel}","templated":true}]}}