{"id":70,"date":"2010-08-31T07:23:29","date_gmt":"2010-08-31T06:23:29","guid":{"rendered":"http:\/\/hammargardarna.se\/?page_id=70"},"modified":"2014-03-17T12:28:46","modified_gmt":"2014-03-17T11:28:46","slug":"samlingslokalen","status":"publish","type":"page","link":"https:\/\/hammargardarna.se\/?page_id=70","title":{"rendered":"Kvartershuset"},"content":{"rendered":"<p class=\"MsoNormal\"><a href=\"http:\/\/hammargardarna.se\/wp-content\/uploads\/2010\/08\/1321.jpg\"><img decoding=\"async\" loading=\"lazy\" class=\"alignnone size-medium wp-image-71\" alt=\"Samlingslokalen 1\" src=\"http:\/\/hammargardarna.se\/wp-content\/uploads\/2010\/08\/1321-300x200.jpg\" width=\"300\" height=\"200\" srcset=\"https:\/\/hammargardarna.se\/wp-content\/uploads\/2010\/08\/1321-300x200.jpg 300w, https:\/\/hammargardarna.se\/wp-content\/uploads\/2010\/08\/1321-1024x682.jpg 1024w\" sizes=\"(max-width: 300px) 100vw, 300px\" \/><\/a><\/p>\n<p class=\"MsoNormal\"><span style=\"font-family: Calibri;\">Kvartershuset \u00e4r fri f\u00f6r alla medlemmar att l\u00e5na. D\u00e4r finns ett rum f\u00f6r bord och stolar samt en bastu med dusch. Bord och stolar finns i f\u00f6rr\u00e5det i samma lokal. Se till att st\u00e4da lokalen efter anv\u00e4ndandet s\u00e5 det \u00e4r rent och fr\u00e4scht n\u00e4r n\u00e4sta kommer.<\/span><\/p>\n","protected":false},"excerpt":{"rendered":"<p>Kvartershuset \u00e4r fri f\u00f6r alla medlemmar att l\u00e5na. D\u00e4r finns ett rum f\u00f6r bord och stolar samt en bastu med dusch. Bord och stolar finns i f\u00f6rr\u00e5det i samma lokal. Se till att st\u00e4da lokalen efter anv\u00e4ndandet s\u00e5 det \u00e4r rent och fr\u00e4scht n\u00e4r n\u00e4sta kommer.<\/p>\n","protected":false},"author":1,"featured_media":0,"parent":5,"menu_order":0,"comment_status":"closed","ping_status":"closed","template":"","meta":[],"_links":{"self":[{"href":"https:\/\/hammargardarna.se\/index.php?rest_route=\/wp\/v2\/pages\/70"}],"collection":[{"href":"https:\/\/hammargardarna.se\/index.php?rest_route=\/wp\/v2\/pages"}],"about":[{"href":"https:\/\/hammargardarna.se\/index.php?rest_route=\/wp\/v2\/types\/page"}],"author":[{"embeddable":true,"href":"https:\/\/hammargardarna.se\/index.php?rest_route=\/wp\/v2\/users\/1"}],"replies":[{"embeddable":true,"href":"https:\/\/hammargardarna.se\/index.php?rest_route=%2Fwp%2Fv2%2Fcomments&post=70"}],"version-history":[{"count":4,"href":"https:\/\/hammargardarna.se\/index.php?rest_route=\/wp\/v2\/pages\/70\/revisions"}],"predecessor-version":[{"id":303,"href":"https:\/\/hammargardarna.se\/index.php?rest_route=\/wp\/v2\/pages\/70\/revisions\/303"}],"up":[{"embeddable":true,"href":"https:\/\/hammargardarna.se\/index.php?rest_route=\/wp\/v2\/pages\/5"}],"wp:attachment":[{"href":"https:\/\/hammargardarna.se\/index.php?rest_route=%2Fwp%2Fv2%2Fmedia&parent=70"}],"curies":[{"name":"wp","href":"https:\/\/api.w.org\/{rel}","templated":true}]}}