{"id":73,"date":"2010-08-31T07:34:24","date_gmt":"2010-08-31T06:34:24","guid":{"rendered":"http:\/\/hammargardarna.se\/?page_id=73"},"modified":"2014-03-17T11:17:58","modified_gmt":"2014-03-17T10:17:58","slug":"grasklippning","status":"publish","type":"page","link":"https:\/\/hammargardarna.se\/?page_id=73","title":{"rendered":"Gr\u00e4sklippning"},"content":{"rendered":"<p>Vi f\u00f6rvaltar och underh\u00e5ller v\u00e5rt omr\u00e5de gemensamt. Gr\u00e4sklippningen av \u201dkullen\u201d \u00e4r roterande mellan fastigheterna. En tr\u00e4bricka vandrar runt. F\u00f6rvissa er om att grannen \u00e4r hemma och kan ta vid n\u00e4r ni l\u00e4mnar tr\u00e4brickan vidare. \u00d6vriga gr\u00e4sytor tillh\u00f6r respektive omr\u00e5desgrupp vilka ansvarar f\u00f6r att dessa blir klippta.<\/p>\n<p>Samordna g\u00e4rna gr\u00e4sklippningen av alla ytor s\u00e5 att vi har ett fint och trevligt omr\u00e5de till midsommarhelgen!<\/p>\n<p>Gr\u00e4sklippare, att enbart anv\u00e4ndas till de gemensamma ytorna, finns i f\u00f6rr\u00e5det bredvid kvartershuset. Det finns \u00e4ven en trimmer f\u00f6r att kunna klippa runt stolpar m.m. Det finns lappar i f\u00f6rr\u00e5det vid samlingslokalen d\u00e4r vi skriver upp av vem, n\u00e4r och hur l\u00e4nge respektive maskin anv\u00e4nds. Var noga med att g\u00f6ra ren gr\u00e4sklipparen fr\u00e5n gr\u00e4s efter anv\u00e4ndning.<\/p>\n<p>Tar bensinen slut till gr\u00e4sklipparen m\u00e5ste du k\u00f6pa ny, h\u00f6r av er till kass\u00f6ren f\u00f6r att f\u00e5 l\u00e5na ett kontokort. Tar bensinen slut till trimmen h\u00f6r av er till f\u00f6rvaltaren s\u00e5 k\u00f6per styrelsen bensin.<\/p>\n","protected":false},"excerpt":{"rendered":"<p>Vi f\u00f6rvaltar och underh\u00e5ller v\u00e5rt omr\u00e5de gemensamt. Gr\u00e4sklippningen av \u201dkullen\u201d \u00e4r roterande mellan fastigheterna. En tr\u00e4bricka vandrar runt. F\u00f6rvissa er om att grannen \u00e4r hemma och kan ta vid n\u00e4r ni l\u00e4mnar tr\u00e4brickan vidare. \u00d6vriga gr\u00e4sytor tillh\u00f6r respektive omr\u00e5desgrupp vilka ansvarar f\u00f6r att dessa blir klippta. Samordna g\u00e4rna gr\u00e4sklippningen av alla ytor s\u00e5 att vi &hellip; <a href=\"https:\/\/hammargardarna.se\/?page_id=73\" class=\"more-link\">Forts\u00e4tt l\u00e4sa <span class=\"screen-reader-text\">Gr\u00e4sklippning<\/span> <span class=\"meta-nav\">&rarr;<\/span><\/a><\/p>\n","protected":false},"author":1,"featured_media":0,"parent":33,"menu_order":0,"comment_status":"closed","ping_status":"open","template":"","meta":[],"_links":{"self":[{"href":"https:\/\/hammargardarna.se\/index.php?rest_route=\/wp\/v2\/pages\/73"}],"collection":[{"href":"https:\/\/hammargardarna.se\/index.php?rest_route=\/wp\/v2\/pages"}],"about":[{"href":"https:\/\/hammargardarna.se\/index.php?rest_route=\/wp\/v2\/types\/page"}],"author":[{"embeddable":true,"href":"https:\/\/hammargardarna.se\/index.php?rest_route=\/wp\/v2\/users\/1"}],"replies":[{"embeddable":true,"href":"https:\/\/hammargardarna.se\/index.php?rest_route=%2Fwp%2Fv2%2Fcomments&post=73"}],"version-history":[{"count":3,"href":"https:\/\/hammargardarna.se\/index.php?rest_route=\/wp\/v2\/pages\/73\/revisions"}],"predecessor-version":[{"id":310,"href":"https:\/\/hammargardarna.se\/index.php?rest_route=\/wp\/v2\/pages\/73\/revisions\/310"}],"up":[{"embeddable":true,"href":"https:\/\/hammargardarna.se\/index.php?rest_route=\/wp\/v2\/pages\/33"}],"wp:attachment":[{"href":"https:\/\/hammargardarna.se\/index.php?rest_route=%2Fwp%2Fv2%2Fmedia&parent=73"}],"curies":[{"name":"wp","href":"https:\/\/api.w.org\/{rel}","templated":true}]}}