{"id":83,"date":"2010-08-31T13:57:06","date_gmt":"2010-08-31T12:57:06","guid":{"rendered":"http:\/\/hammargardarna.se\/?page_id=83"},"modified":"2014-03-17T12:28:56","modified_gmt":"2014-03-17T11:28:56","slug":"parkering","status":"publish","type":"page","link":"https:\/\/hammargardarna.se\/?page_id=83","title":{"rendered":"Parkering"},"content":{"rendered":"<p>Parkering f\u00e5r endast ske p\u00e5 markerade platser vid infarterna till omr\u00e5det samt p\u00e5 v\u00e5ra egna garageuppfarter. Inom v\u00e5rt bostadsomr\u00e5de \u00e4r det f\u00f6rbjudet att parkera och det finns skyltar uppsatta f\u00f6r att g\u00f6ra alla uppm\u00e4rksamma p\u00e5 det.<\/p>\n<p>Vi \u00e4r tacksamma om alla kan respektera dessa regler f\u00f6r att h\u00e5lla v\u00e5rt omr\u00e5de s\u00e4kert och trevligt!<\/p>\n","protected":false},"excerpt":{"rendered":"<p>Parkering f\u00e5r endast ske p\u00e5 markerade platser vid infarterna till omr\u00e5det samt p\u00e5 v\u00e5ra egna garageuppfarter. Inom v\u00e5rt bostadsomr\u00e5de \u00e4r det f\u00f6rbjudet att parkera och det finns skyltar uppsatta f\u00f6r att g\u00f6ra alla uppm\u00e4rksamma p\u00e5 det. Vi \u00e4r tacksamma om alla kan respektera dessa regler f\u00f6r att h\u00e5lla v\u00e5rt omr\u00e5de s\u00e4kert och trevligt!<\/p>\n","protected":false},"author":1,"featured_media":0,"parent":5,"menu_order":1,"comment_status":"closed","ping_status":"closed","template":"","meta":[],"_links":{"self":[{"href":"https:\/\/hammargardarna.se\/index.php?rest_route=\/wp\/v2\/pages\/83"}],"collection":[{"href":"https:\/\/hammargardarna.se\/index.php?rest_route=\/wp\/v2\/pages"}],"about":[{"href":"https:\/\/hammargardarna.se\/index.php?rest_route=\/wp\/v2\/types\/page"}],"author":[{"embeddable":true,"href":"https:\/\/hammargardarna.se\/index.php?rest_route=\/wp\/v2\/users\/1"}],"replies":[{"embeddable":true,"href":"https:\/\/hammargardarna.se\/index.php?rest_route=%2Fwp%2Fv2%2Fcomments&post=83"}],"version-history":[{"count":2,"href":"https:\/\/hammargardarna.se\/index.php?rest_route=\/wp\/v2\/pages\/83\/revisions"}],"predecessor-version":[{"id":304,"href":"https:\/\/hammargardarna.se\/index.php?rest_route=\/wp\/v2\/pages\/83\/revisions\/304"}],"up":[{"embeddable":true,"href":"https:\/\/hammargardarna.se\/index.php?rest_route=\/wp\/v2\/pages\/5"}],"wp:attachment":[{"href":"https:\/\/hammargardarna.se\/index.php?rest_route=%2Fwp%2Fv2%2Fmedia&parent=83"}],"curies":[{"name":"wp","href":"https:\/\/api.w.org\/{rel}","templated":true}]}}